{"id":564,"date":"2023-08-08T10:09:15","date_gmt":"2023-08-08T13:09:15","guid":{"rendered":"https:\/\/taxconta.com.br\/?page_id=564"},"modified":"2026-01-30T11:49:11","modified_gmt":"2026-01-30T14:49:11","slug":"banco-e-certificado-digital-gratuitos","status":"publish","type":"page","link":"https:\/\/taxconta.com.br\/en\/banco-e-certificado-digital-gratuitos\/","title":{"rendered":"Free Bank and Digital Certificate"},"content":{"rendered":"<div data-elementor-type=\"wp-page\" data-elementor-id=\"564\" class=\"elementor elementor-564\">\n\t\t\t\t\t\t\t\t\t<section class=\"elementor-section elementor-top-section elementor-element elementor-element-60df465 elementor-reverse-mobile elementor-section-boxed elementor-section-height-default elementor-section-height-default\" data-id=\"60df465\" data-element_type=\"section\" data-settings=\"{&quot;background_background&quot;:&quot;classic&quot;}\">\n\t\t\t\t\t\t<div class=\"elementor-container elementor-column-gap-default\">\n\t\t\t\t\t<div class=\"elementor-column elementor-col-50 elementor-top-column elementor-element elementor-element-2cab9e6\" data-id=\"2cab9e6\" data-element_type=\"column\">\n\t\t\t<div class=\"elementor-widget-wrap elementor-element-populated\">\n\t\t\t\t\t\t\t\t<div class=\"elementor-element elementor-element-fba57b9 elementor-widget elementor-widget-image\" data-id=\"fba57b9\" data-element_type=\"widget\" data-widget_type=\"image.default\">\n\t\t\t\t<div class=\"elementor-widget-container\">\n\t\t\t<style>\/*! elementor - v3.14.0 - 26-06-2023 *\/\n.elementor-widget-image{text-align:center}.elementor-widget-image a{display:inline-block}.elementor-widget-image a img[src$=\".svg\"]{width:48px}.elementor-widget-image img{vertical-align:middle;display:inline-block}<\/style>\t\t\t\t\t\t\t\t\t\t\t\t<img decoding=\"async\" src=\"https:\/\/taxconta.com.br\/wp-content\/uploads\/elementor\/thumbs\/image032-qa33r0dbynp16lv7apshmpujjzxwkifcmedw5of86k.jpg\" title=\"TaxAccount\" alt=\"TaxConta\" loading=\"lazy\" \/>\t\t\t\t\t\t\t\t\t\t\t\t\t\t\t<\/div>\n\t\t\t\t<\/div>\n\t\t\t\t\t<\/div>\n\t\t<\/div>\n\t\t\t\t<div class=\"elementor-column elementor-col-50 elementor-top-column elementor-element elementor-element-8105e3a\" data-id=\"8105e3a\" data-element_type=\"column\">\n\t\t\t<div class=\"elementor-widget-wrap elementor-element-populated\">\n\t\t\t\t\t\t\t\t<div class=\"elementor-element elementor-element-b8c0b6e elementor-widget elementor-widget-heading\" data-id=\"b8c0b6e\" data-element_type=\"widget\" data-widget_type=\"heading.default\">\n\t\t\t\t<div class=\"elementor-widget-container\">\n\t\t\t<style>\/*! elementor - v3.14.0 - 26-06-2023 *\/\n.elementor-heading-title{padding:0;margin:0;line-height:1}.elementor-widget-heading .elementor-heading-title[class*=elementor-size-]>a{color:inherit;font-size:inherit;line-height:inherit}.elementor-widget-heading .elementor-heading-title.elementor-size-small{font-size:15px}.elementor-widget-heading .elementor-heading-title.elementor-size-medium{font-size:19px}.elementor-widget-heading .elementor-heading-title.elementor-size-large{font-size:29px}.elementor-widget-heading .elementor-heading-title.elementor-size-xl{font-size:39px}.elementor-widget-heading .elementor-heading-title.elementor-size-xxl{font-size:59px}<\/style><h2 class=\"elementor-heading-title elementor-size-default\">Digital Certificate<\/h2>\t\t<\/div>\n\t\t\t\t<\/div>\n\t\t\t\t<div class=\"elementor-element elementor-element-f59ebf3 elementor-widget elementor-widget-text-editor\" data-id=\"f59ebf3\" data-element_type=\"widget\" data-widget_type=\"text-editor.default\">\n\t\t\t\t<div class=\"elementor-widget-container\">\n\t\t\t<style>\/*! elementor - v3.14.0 - 26-06-2023 *\/\n.elementor-widget-text-editor.elementor-drop-cap-view-stacked .elementor-drop-cap{background-color:#69727d;color:#fff}.elementor-widget-text-editor.elementor-drop-cap-view-framed .elementor-drop-cap{color:#69727d;border:3px solid;background-color:transparent}.elementor-widget-text-editor:not(.elementor-drop-cap-view-default) .elementor-drop-cap{margin-top:8px}.elementor-widget-text-editor:not(.elementor-drop-cap-view-default) .elementor-drop-cap-letter{width:1em;height:1em}.elementor-widget-text-editor .elementor-drop-cap{float:left;text-align:center;line-height:1;font-size:50px}.elementor-widget-text-editor .elementor-drop-cap-letter{display:inline-block}<\/style>\t\t\t\t<p>Through our partner Certifier VCert Valid, we issue your digital certificate, whether for an Individual or Legal Entity, with a discount of up to 10%.<\/p><p>Issue your Digital Certificate 100% online, without bureaucracy and with the security that only the leader in the segment provides.<\/p><p>Choose one of our products, simplify your processes and ensure business efficiency.<\/p>\t\t\t\t\t\t<\/div>\n\t\t\t\t<\/div>\n\t\t\t\t<div class=\"elementor-element elementor-element-d2271d4 elementor-widget elementor-widget-elementskit-heading\" data-id=\"d2271d4\" data-element_type=\"widget\" data-widget_type=\"elementskit-heading.default\">\n\t\t\t\t<div class=\"elementor-widget-container\">\n\t\t\t<div class=\"ekit-wid-con\" ><div class=\"ekit-heading elementskit-section-title-wraper text_left   ekit_heading_tablet-   ekit_heading_mobile-text_center\"><h2 class=\"ekit-heading--title elementskit-section-title\">Certification body support <span><span>(11) 3004-3454<\/span><\/span><\/h2><\/div><\/div>\t\t<\/div>\n\t\t\t\t<\/div>\n\t\t\t\t<div class=\"elementor-element elementor-element-ad9a92d elementor-mobile-align-center elementor-widget elementor-widget-button\" data-id=\"ad9a92d\" data-element_type=\"widget\" data-widget_type=\"button.default\">\n\t\t\t\t<div class=\"elementor-widget-container\">\n\t\t\t\t\t<div class=\"elementor-button-wrapper\">\n\t\t\t<a class=\"elementor-button elementor-button-link elementor-size-md elementor-animation-grow\" href=\"https:\/\/parceiro.vcert.com.br\/valid\/matheuslacerda-PC029393\/cv\/v10\" target=\"_blank\">\n\t\t\t\t\t\t<span class=\"elementor-button-content-wrapper\">\n\t\t\t\t\t\t<span class=\"elementor-button-icon elementor-align-icon-right\">\n\t\t\t\t<i aria-hidden=\"true\" class=\"icon icon-right-arrow2\"><\/i>\t\t\t<\/span>\n\t\t\t\t\t\t<span class=\"elementor-button-text\">know more <\/span>\n\t\t<\/span>\n\t\t\t\t\t<\/a>\n\t\t<\/div>\n\t\t\t\t<\/div>\n\t\t\t\t<\/div>\n\t\t\t\t\t<\/div>\n\t\t<\/div>\n\t\t\t\t\t\t\t<\/div>\n\t\t<\/section>\n\t\t\t\t<section class=\"elementor-section elementor-top-section elementor-element elementor-element-71adf66 elementor-section-boxed elementor-section-height-default elementor-section-height-default\" data-id=\"71adf66\" data-element_type=\"section\" data-settings=\"{&quot;background_background&quot;:&quot;classic&quot;}\">\n\t\t\t\t\t\t<div class=\"elementor-container elementor-column-gap-default\">\n\t\t\t\t\t<div class=\"elementor-column elementor-col-50 elementor-top-column elementor-element elementor-element-a13045c\" data-id=\"a13045c\" data-element_type=\"column\">\n\t\t\t<div class=\"elementor-widget-wrap elementor-element-populated\">\n\t\t\t\t\t\t\t\t<div class=\"elementor-element elementor-element-fe02326 elementor-widget elementor-widget-heading\" data-id=\"fe02326\" data-element_type=\"widget\" data-widget_type=\"heading.default\">\n\t\t\t\t<div class=\"elementor-widget-container\">\n\t\t\t<h2 class=\"elementor-heading-title elementor-size-default\">Free Digital Bank<\/h2>\t\t<\/div>\n\t\t\t\t<\/div>\n\t\t\t\t<div class=\"elementor-element elementor-element-7de2c08 elementor-widget elementor-widget-text-editor\" data-id=\"7de2c08\" data-element_type=\"widget\" data-widget_type=\"text-editor.default\">\n\t\t\t\t<div class=\"elementor-widget-container\">\n\t\t\t\t\t\t\t<p>We provide free advice on opening your digital corporate account, plus zero fees and with a physical card.<\/p><p>We know that those who undertake do not have time to waste.<\/p><ul><li>Account opened in 1 day;<\/li><li>Manage receipts and issue invoices;<\/li><li>Customize charges with your company name, interest, fines and discounts;<\/li><li>Track payments received, receivable and due in a simple way;<\/li><li>Reduce defaults with billing reminders before, after or when due;<\/li><li>Say goodbye to paperwork and save time when sending a bank statement to TaxConta Consultores E Contadores Ltda.<\/li><\/ul>\t\t\t\t\t\t<\/div>\n\t\t\t\t<\/div>\n\t\t\t\t<div class=\"elementor-element elementor-element-53daf65 elementor-mobile-align-center elementor-widget elementor-widget-button\" data-id=\"53daf65\" data-element_type=\"widget\" data-widget_type=\"button.default\">\n\t\t\t\t<div class=\"elementor-widget-container\">\n\t\t\t\t\t<div class=\"elementor-button-wrapper\">\n\t\t\t<a class=\"elementor-button elementor-button-link elementor-size-md elementor-animation-grow\" href=\"https:\/\/lp.cora.com.br\/coraliados?code=taxconta-consultores-e-contadores-ltda&#038;n=TaxConta%20Consultores%20E%20Contadores%20Ltda\" target=\"_blank\">\n\t\t\t\t\t\t<span class=\"elementor-button-content-wrapper\">\n\t\t\t\t\t\t<span class=\"elementor-button-icon elementor-align-icon-right\">\n\t\t\t\t<i aria-hidden=\"true\" class=\"icon icon-right-arrow2\"><\/i>\t\t\t<\/span>\n\t\t\t\t\t\t<span class=\"elementor-button-text\">know more <\/span>\n\t\t<\/span>\n\t\t\t\t\t<\/a>\n\t\t<\/div>\n\t\t\t\t<\/div>\n\t\t\t\t<\/div>\n\t\t\t\t\t<\/div>\n\t\t<\/div>\n\t\t\t\t<div class=\"elementor-column elementor-col-50 elementor-top-column elementor-element elementor-element-1bbadf8\" data-id=\"1bbadf8\" data-element_type=\"column\">\n\t\t\t<div class=\"elementor-widget-wrap elementor-element-populated\">\n\t\t\t\t\t\t\t\t<div class=\"elementor-element elementor-element-74e4d23 elementor-widget elementor-widget-image\" data-id=\"74e4d23\" data-element_type=\"widget\" data-widget_type=\"image.default\">\n\t\t\t\t<div class=\"elementor-widget-container\">\n\t\t\t\t\t\t\t\t\t\t\t\t\t\t\t<img decoding=\"async\" src=\"https:\/\/taxconta.com.br\/wp-content\/uploads\/elementor\/thumbs\/image031-qa33no1znv4bwipyt9s8rk7jioex795phuvqq9dmb0.jpg\" title=\"TaxConta \u2013 Accounting Service\" alt=\"TaxConta - Servi\u00e7o de Contabilidade\" loading=\"lazy\" \/>\t\t\t\t\t\t\t\t\t\t\t\t\t\t\t<\/div>\n\t\t\t\t<\/div>\n\t\t\t\t\t<\/div>\n\t\t<\/div>\n\t\t\t\t\t\t\t<\/div>\n\t\t<\/section>\n\t\t\t\t<section class=\"elementor-section elementor-top-section elementor-element elementor-element-5772d44 elementor-reverse-mobile elementor-section-boxed elementor-section-height-default elementor-section-height-default\" data-id=\"5772d44\" data-element_type=\"section\" data-settings=\"{&quot;background_background&quot;:&quot;classic&quot;}\">\n\t\t\t\t\t\t<div class=\"elementor-container elementor-column-gap-default\">\n\t\t\t\t\t<div class=\"elementor-column elementor-col-50 elementor-top-column elementor-element elementor-element-f872bb0\" data-id=\"f872bb0\" data-element_type=\"column\">\n\t\t\t<div class=\"elementor-widget-wrap elementor-element-populated\">\n\t\t\t\t\t\t\t\t<div class=\"elementor-element elementor-element-bd64ed7 elementor-widget elementor-widget-image\" data-id=\"bd64ed7\" data-element_type=\"widget\" data-widget_type=\"image.default\">\n\t\t\t\t<div class=\"elementor-widget-container\">\n\t\t\t\t\t\t\t\t\t\t\t\t\t\t\t<img decoding=\"async\" src=\"https:\/\/taxconta.com.br\/wp-content\/uploads\/elementor\/thumbs\/image039-qb3mpxwgnx4gblfe6qa1wej0emdh3tpasct7hcimng.jpg\" title=\"Accounting Office\" alt=\"Escrit\u00f3rio de Contabilidade\" loading=\"lazy\" \/>\t\t\t\t\t\t\t\t\t\t\t\t\t\t\t<\/div>\n\t\t\t\t<\/div>\n\t\t\t\t\t<\/div>\n\t\t<\/div>\n\t\t\t\t<div class=\"elementor-column elementor-col-50 elementor-top-column elementor-element elementor-element-463e25c\" data-id=\"463e25c\" data-element_type=\"column\">\n\t\t\t<div class=\"elementor-widget-wrap elementor-element-populated\">\n\t\t\t\t\t\t\t\t<div class=\"elementor-element elementor-element-414c16a elementor-widget elementor-widget-heading\" data-id=\"414c16a\" data-element_type=\"widget\" data-widget_type=\"heading.default\">\n\t\t\t\t<div class=\"elementor-widget-container\">\n\t\t\t<h2 class=\"elementor-heading-title elementor-size-default\">Endere\u00e7o Fiscal <\/h2>\t\t<\/div>\n\t\t\t\t<\/div>\n\t\t\t\t<div class=\"elementor-element elementor-element-9430367 elementor-widget elementor-widget-text-editor\" data-id=\"9430367\" data-element_type=\"widget\" data-widget_type=\"text-editor.default\">\n\t\t\t\t<div class=\"elementor-widget-container\">\n\t\t\t\t\t\t\t<p>Escrit\u00f3rio Virtual com o melhor custo-benef\u00edcio do mercado.<\/p><p>Garanta o melhor pre\u00e7o no servi\u00e7o mais completo do mercado. Se encontrar outra condi\u00e7\u00e3o, n\u00f3s ajustamos o pre\u00e7o para voc\u00ea.<\/p><ul><li>O melhor pre\u00e7o do mercado<\/li><li>Garantia de custo-benef\u00edcio mais vantajoso<\/li><li>Transpar\u00eancia e zero burocracias<\/li><li>Aux\u00edlio de suporte especializado<\/li><li>Escrit\u00f3rio Virtual com Inscri\u00e7\u00e3o Estadual em todo o Brasil<\/li><\/ul>\t\t\t\t\t\t<\/div>\n\t\t\t\t<\/div>\n\t\t\t\t<div class=\"elementor-element elementor-element-1c3d168 elementor-mobile-align-center elementor-widget elementor-widget-button\" data-id=\"1c3d168\" data-element_type=\"widget\" data-widget_type=\"button.default\">\n\t\t\t\t<div class=\"elementor-widget-container\">\n\t\t\t\t\t<div class=\"elementor-button-wrapper\">\n\t\t\t<a class=\"elementor-button elementor-button-link elementor-size-md elementor-animation-grow\" href=\"https:\/\/www.companyhero.com\/afiliados\/TAXCONTACO5\" target=\"_blank\">\n\t\t\t\t\t\t<span class=\"elementor-button-content-wrapper\">\n\t\t\t\t\t\t<span class=\"elementor-button-icon elementor-align-icon-right\">\n\t\t\t\t<i aria-hidden=\"true\" class=\"icon icon-right-arrow2\"><\/i>\t\t\t<\/span>\n\t\t\t\t\t\t<span class=\"elementor-button-text\">know more <\/span>\n\t\t<\/span>\n\t\t\t\t\t<\/a>\n\t\t<\/div>\n\t\t\t\t<\/div>\n\t\t\t\t<\/div>\n\t\t\t\t\t<\/div>\n\t\t<\/div>\n\t\t\t\t\t\t\t<\/div>\n\t\t<\/section>\n\t\t\t\t<section class=\"elementor-section elementor-top-section elementor-element elementor-element-e2d4cd4 elementor-section-boxed elementor-section-height-default elementor-section-height-default\" data-id=\"e2d4cd4\" data-element_type=\"section\" data-settings=\"{&quot;background_background&quot;:&quot;classic&quot;}\">\n\t\t\t\t\t\t<div class=\"elementor-container elementor-column-gap-default\">\n\t\t\t\t\t<div class=\"elementor-column elementor-col-100 elementor-top-column elementor-element elementor-element-f0f37f5\" data-id=\"f0f37f5\" data-element_type=\"column\">\n\t\t\t<div class=\"elementor-widget-wrap elementor-element-populated\">\n\t\t\t\t\t\t\t\t<section class=\"elementor-section elementor-inner-section elementor-element elementor-element-70ffa36 elementor-section-full_width elementor-section-height-default elementor-section-height-default\" data-id=\"70ffa36\" data-element_type=\"section\" data-settings=\"{&quot;background_background&quot;:&quot;classic&quot;}\">\n\t\t\t\t\t\t<div class=\"elementor-container elementor-column-gap-default\">\n\t\t\t\t\t<div class=\"elementor-column elementor-col-50 elementor-inner-column elementor-element elementor-element-d67b4c0\" data-id=\"d67b4c0\" data-element_type=\"column\">\n\t\t\t<div class=\"elementor-widget-wrap elementor-element-populated\">\n\t\t\t\t\t\t\t\t<div class=\"elementor-element elementor-element-013fc54 elementor-widget elementor-widget-elementskit-heading\" data-id=\"013fc54\" data-element_type=\"widget\" data-widget_type=\"elementskit-heading.default\">\n\t\t\t\t<div class=\"elementor-widget-container\">\n\t\t\t<div class=\"ekit-wid-con\" ><div class=\"ekit-heading elementskit-section-title-wraper text_left   ekit_heading_tablet-   ekit_heading_mobile-text_center\"><h2 class=\"ekit-heading--title elementskit-section-title\">Need to talk to <span><span>an expert?<\/span><\/span><\/h2>\t\t\t\t<div class='ekit-heading__description'>\n\t\t\t\t\t<p>Get in touch using the button on the side and quickly receive your personalized quote, with the best deadlines on the market!<\/p>\n\t\t\t\t<\/div>\n\t\t\t<\/div><\/div>\t\t<\/div>\n\t\t\t\t<\/div>\n\t\t\t\t\t<\/div>\n\t\t<\/div>\n\t\t\t\t<div class=\"elementor-column elementor-col-50 elementor-inner-column elementor-element elementor-element-291a8a3\" data-id=\"291a8a3\" data-element_type=\"column\">\n\t\t\t<div class=\"elementor-widget-wrap elementor-element-populated\">\n\t\t\t\t\t\t\t\t<div class=\"elementor-element elementor-element-4255aa6 elementor-widget elementor-widget-elementskit-button\" data-id=\"4255aa6\" data-element_type=\"widget\" data-widget_type=\"elementskit-button.default\">\n\t\t\t\t<div class=\"elementor-widget-container\">\n\t\t\t<div class=\"ekit-wid-con\" >\t\t<div class=\"ekit-btn-wraper\">\n\t\t\t\t\t\t\t<a href=\"https:\/\/wa.me\/5511918787628?text=Ol%C3%A1%2C+estou+no+site+e+gostaria+de+mais+informa%C3%A7%C3%B5es.\" target=\"_blank\" class=\"elementskit-btn  whitespace--normal\" >\n\t\t\t\t\tOnline service\n\t\t\t\t\t<i aria-hidden=\"true\" class=\"fab fa-whatsapp\"><\/i>\n\t\t\t\t<\/a>\n\t\t\t\t\t\t<\/div>\n        <\/div>\t\t<\/div>\n\t\t\t\t<\/div>\n\t\t\t\t\t<\/div>\n\t\t<\/div>\n\t\t\t\t\t\t\t<\/div>\n\t\t<\/section>\n\t\t\t\t\t<\/div>\n\t\t<\/div>\n\t\t\t\t\t\t\t<\/div>\n\t\t<\/section>\n\t\t\t\t\t\t\t<\/div>","protected":false},"excerpt":{"rendered":"<p>Certificado Digital Atrav\u00e9s da Certificadora parceira VCert Valid realizamos a emiss\u00e3o do seu certificado digital seja Pessoa F\u00edsica ou Pessoa Jur\u00eddica, com at\u00e9 10% de desconto. Emita seu Certificado Digital de forma 100% online, sem burocracia e com a seguran\u00e7a que s\u00f3 a l\u00edder no segmento proporciona. Escolha um de nossos produtos, simplifique seus processos [&hellip;]<\/p>","protected":false},"author":1,"featured_media":0,"parent":0,"menu_order":0,"comment_status":"closed","ping_status":"closed","template":"","meta":{"footnotes":""},"class_list":["post-564","page","type-page","status-publish","hentry"],"yoast_head":"<!-- This site is optimized with the Yoast SEO Premium plugin v21.1 (Yoast SEO v21.2) - https:\/\/yoast.com\/wordpress\/plugins\/seo\/ -->\n<title>Banco e Certificado Digital Gratuitos - TaxConta<\/title>\n<meta name=\"robots\" content=\"index, follow, max-snippet:-1, max-image-preview:large, max-video-preview:-1\" \/>\n<link rel=\"canonical\" href=\"https:\/\/taxconta.com.br\/en\/banco-e-certificado-digital-gratuitos\/\" \/>\n<meta property=\"og:locale\" content=\"en_US\" \/>\n<meta property=\"og:type\" content=\"article\" \/>\n<meta property=\"og:title\" content=\"Banco e Certificado Digital Gratuitos\" \/>\n<meta property=\"og:description\" content=\"Certificado Digital Atrav\u00e9s da Certificadora parceira VCert Valid realizamos a emiss\u00e3o do seu certificado digital seja Pessoa F\u00edsica ou Pessoa Jur\u00eddica, com at\u00e9 10% de desconto. Emita seu Certificado Digital de forma 100% online, sem burocracia e com a seguran\u00e7a que s\u00f3 a l\u00edder no segmento proporciona. Escolha um de nossos produtos, simplifique seus processos [&hellip;]\" \/>\n<meta property=\"og:url\" content=\"https:\/\/taxconta.com.br\/en\/banco-e-certificado-digital-gratuitos\/\" \/>\n<meta property=\"og:site_name\" content=\"TaxConta\" \/>\n<meta property=\"article:modified_time\" content=\"2026-01-30T14:49:11+00:00\" \/>\n<meta property=\"og:image\" content=\"https:\/\/taxconta.com.br\/wp-content\/uploads\/elementor\/thumbs\/image032-qa33r0dbynp16lv7apshmpujjzxwkifcmedw5of86k.jpg\" \/>\n<meta name=\"twitter:card\" content=\"summary_large_image\" \/>\n<meta name=\"twitter:label1\" content=\"Est. reading time\" \/>\n\t<meta name=\"twitter:data1\" content=\"2 minutes\" \/>\n<script type=\"application\/ld+json\" class=\"yoast-schema-graph\">{\"@context\":\"https:\/\/schema.org\",\"@graph\":[{\"@type\":\"WebPage\",\"@id\":\"https:\/\/taxconta.com.br\/banco-e-certificado-digital-gratuitos\/\",\"url\":\"https:\/\/taxconta.com.br\/banco-e-certificado-digital-gratuitos\/\",\"name\":\"Banco e Certificado Digital Gratuitos - TaxConta\",\"isPartOf\":{\"@id\":\"https:\/\/taxconta.com.br\/#website\"},\"datePublished\":\"2023-08-08T13:09:15+00:00\",\"dateModified\":\"2026-01-30T14:49:11+00:00\",\"breadcrumb\":{\"@id\":\"https:\/\/taxconta.com.br\/banco-e-certificado-digital-gratuitos\/#breadcrumb\"},\"inLanguage\":\"en-US\",\"potentialAction\":[{\"@type\":\"ReadAction\",\"target\":[\"https:\/\/taxconta.com.br\/banco-e-certificado-digital-gratuitos\/\"]}]},{\"@type\":\"BreadcrumbList\",\"@id\":\"https:\/\/taxconta.com.br\/banco-e-certificado-digital-gratuitos\/#breadcrumb\",\"itemListElement\":[{\"@type\":\"ListItem\",\"position\":1,\"name\":\"In\u00edcio\",\"item\":\"https:\/\/taxconta.com.br\/\"},{\"@type\":\"ListItem\",\"position\":2,\"name\":\"Banco e Certificado Digital Gratuitos\"}]},{\"@type\":\"WebSite\",\"@id\":\"https:\/\/taxconta.com.br\/#website\",\"url\":\"https:\/\/taxconta.com.br\/\",\"name\":\"TaxConta - Consultoria cont\u00e1bil\",\"description\":\"Nossa empresa \u00e9 formada por profissionais com amplo conhecimento na \u00e1rea de gest\u00e3o e consultoria cont\u00e1bil, tribut\u00e1ria e trabalhista.\",\"alternateName\":\"TaxConta - Consultoria cont\u00e1bil, tribut\u00e1ria e trabalhista\",\"potentialAction\":[{\"@type\":\"SearchAction\",\"target\":{\"@type\":\"EntryPoint\",\"urlTemplate\":\"https:\/\/taxconta.com.br\/?s={search_term_string}\"},\"query-input\":\"required name=search_term_string\"}],\"inLanguage\":\"en-US\"}]}<\/script>\n<!-- \/ Yoast SEO Premium plugin. -->","yoast_head_json":{"title":"Banco e Certificado Digital Gratuitos - TaxConta","robots":{"index":"index","follow":"follow","max-snippet":"max-snippet:-1","max-image-preview":"max-image-preview:large","max-video-preview":"max-video-preview:-1"},"canonical":"https:\/\/taxconta.com.br\/en\/banco-e-certificado-digital-gratuitos\/","og_locale":"en_US","og_type":"article","og_title":"Banco e Certificado Digital Gratuitos","og_description":"Certificado Digital Atrav\u00e9s da Certificadora parceira VCert Valid realizamos a emiss\u00e3o do seu certificado digital seja Pessoa F\u00edsica ou Pessoa Jur\u00eddica, com at\u00e9 10% de desconto. Emita seu Certificado Digital de forma 100% online, sem burocracia e com a seguran\u00e7a que s\u00f3 a l\u00edder no segmento proporciona. Escolha um de nossos produtos, simplifique seus processos [&hellip;]","og_url":"https:\/\/taxconta.com.br\/en\/banco-e-certificado-digital-gratuitos\/","og_site_name":"TaxConta","article_modified_time":"2026-01-30T14:49:11+00:00","og_image":[{"url":"https:\/\/taxconta.com.br\/wp-content\/uploads\/elementor\/thumbs\/image032-qa33r0dbynp16lv7apshmpujjzxwkifcmedw5of86k.jpg"}],"twitter_card":"summary_large_image","twitter_misc":{"Est. reading time":"2 minutes"},"schema":{"@context":"https:\/\/schema.org","@graph":[{"@type":"WebPage","@id":"https:\/\/taxconta.com.br\/banco-e-certificado-digital-gratuitos\/","url":"https:\/\/taxconta.com.br\/banco-e-certificado-digital-gratuitos\/","name":"Banco e Certificado Digital Gratuitos - TaxConta","isPartOf":{"@id":"https:\/\/taxconta.com.br\/#website"},"datePublished":"2023-08-08T13:09:15+00:00","dateModified":"2026-01-30T14:49:11+00:00","breadcrumb":{"@id":"https:\/\/taxconta.com.br\/banco-e-certificado-digital-gratuitos\/#breadcrumb"},"inLanguage":"en-US","potentialAction":[{"@type":"ReadAction","target":["https:\/\/taxconta.com.br\/banco-e-certificado-digital-gratuitos\/"]}]},{"@type":"BreadcrumbList","@id":"https:\/\/taxconta.com.br\/banco-e-certificado-digital-gratuitos\/#breadcrumb","itemListElement":[{"@type":"ListItem","position":1,"name":"In\u00edcio","item":"https:\/\/taxconta.com.br\/"},{"@type":"ListItem","position":2,"name":"Banco e Certificado Digital Gratuitos"}]},{"@type":"WebSite","@id":"https:\/\/taxconta.com.br\/#website","url":"https:\/\/taxconta.com.br\/","name":"TaxConta - Consultoria cont\u00e1bil","description":"Nossa empresa \u00e9 formada por profissionais com amplo conhecimento na \u00e1rea de gest\u00e3o e consultoria cont\u00e1bil, tribut\u00e1ria e trabalhista.","alternateName":"TaxConta - Consultoria cont\u00e1bil, tribut\u00e1ria e trabalhista","potentialAction":[{"@type":"SearchAction","target":{"@type":"EntryPoint","urlTemplate":"https:\/\/taxconta.com.br\/?s={search_term_string}"},"query-input":"required name=search_term_string"}],"inLanguage":"en-US"}]}},"_links":{"self":[{"href":"https:\/\/taxconta.com.br\/en\/wp-json\/wp\/v2\/pages\/564","targetHints":{"allow":["GET"]}}],"collection":[{"href":"https:\/\/taxconta.com.br\/en\/wp-json\/wp\/v2\/pages"}],"about":[{"href":"https:\/\/taxconta.com.br\/en\/wp-json\/wp\/v2\/types\/page"}],"author":[{"embeddable":true,"href":"https:\/\/taxconta.com.br\/en\/wp-json\/wp\/v2\/users\/1"}],"replies":[{"embeddable":true,"href":"https:\/\/taxconta.com.br\/en\/wp-json\/wp\/v2\/comments?post=564"}],"version-history":[{"count":25,"href":"https:\/\/taxconta.com.br\/en\/wp-json\/wp\/v2\/pages\/564\/revisions"}],"predecessor-version":[{"id":1576,"href":"https:\/\/taxconta.com.br\/en\/wp-json\/wp\/v2\/pages\/564\/revisions\/1576"}],"wp:attachment":[{"href":"https:\/\/taxconta.com.br\/en\/wp-json\/wp\/v2\/media?parent=564"}],"curies":[{"name":"wp","href":"https:\/\/api.w.org\/{rel}","templated":true}]}}