{"id":900,"date":"2023-09-20T16:49:41","date_gmt":"2023-09-20T19:49:41","guid":{"rendered":"https:\/\/taxconta.com.br\/?page_id=900"},"modified":"2023-09-20T16:52:20","modified_gmt":"2023-09-20T19:52:20","slug":"contador-para-empresa","status":"publish","type":"page","link":"https:\/\/taxconta.com.br\/en\/contador-para-empresa\/","title":{"rendered":"Accountant for Company"},"content":{"rendered":"<div data-elementor-type=\"wp-page\" data-elementor-id=\"900\" class=\"elementor elementor-900\">\n\t\t\t\t\t\t\t\t\t<section class=\"elementor-section elementor-top-section elementor-element elementor-element-28fc3a2 elementor-section-boxed elementor-section-height-default elementor-section-height-default\" data-id=\"28fc3a2\" data-element_type=\"section\" data-settings=\"{&quot;background_background&quot;:&quot;classic&quot;}\">\n\t\t\t\t\t\t<div class=\"elementor-container elementor-column-gap-default\">\n\t\t\t\t\t<div class=\"elementor-column elementor-col-50 elementor-top-column elementor-element elementor-element-0e1eee1\" data-id=\"0e1eee1\" data-element_type=\"column\">\n\t\t\t<div class=\"elementor-widget-wrap elementor-element-populated\">\n\t\t\t\t\t\t\t\t<div class=\"elementor-element elementor-element-bb4cd35 elementor-widget elementor-widget-heading\" data-id=\"bb4cd35\" data-element_type=\"widget\" data-widget_type=\"heading.default\">\n\t\t\t\t<div class=\"elementor-widget-container\">\n\t\t\t<style>\/*! elementor - v3.14.0 - 26-06-2023 *\/\n.elementor-heading-title{padding:0;margin:0;line-height:1}.elementor-widget-heading .elementor-heading-title[class*=elementor-size-]>a{color:inherit;font-size:inherit;line-height:inherit}.elementor-widget-heading .elementor-heading-title.elementor-size-small{font-size:15px}.elementor-widget-heading .elementor-heading-title.elementor-size-medium{font-size:19px}.elementor-widget-heading .elementor-heading-title.elementor-size-large{font-size:29px}.elementor-widget-heading .elementor-heading-title.elementor-size-xl{font-size:39px}.elementor-widget-heading .elementor-heading-title.elementor-size-xxl{font-size:59px}<\/style><h1 class=\"elementor-heading-title elementor-size-default\">Accountant for Company<\/h1>\t\t<\/div>\n\t\t\t\t<\/div>\n\t\t\t\t<div class=\"elementor-element elementor-element-35bf6ab elementor-widget elementor-widget-heading\" data-id=\"35bf6ab\" data-element_type=\"widget\" data-widget_type=\"heading.default\">\n\t\t\t\t<div class=\"elementor-widget-container\">\n\t\t\t<h2 class=\"elementor-heading-title elementor-size-default\">Simplifying accounting service procedures for companies and accounting, tax and advisory consultancy.<\/h2>\t\t<\/div>\n\t\t\t\t<\/div>\n\t\t\t\t<div class=\"elementor-element elementor-element-1e2a89e elementor-widget elementor-widget-text-editor\" data-id=\"1e2a89e\" data-element_type=\"widget\" data-widget_type=\"text-editor.default\">\n\t\t\t\t<div class=\"elementor-widget-container\">\n\t\t\t<style>\/*! elementor - v3.14.0 - 26-06-2023 *\/\n.elementor-widget-text-editor.elementor-drop-cap-view-stacked .elementor-drop-cap{background-color:#69727d;color:#fff}.elementor-widget-text-editor.elementor-drop-cap-view-framed .elementor-drop-cap{color:#69727d;border:3px solid;background-color:transparent}.elementor-widget-text-editor:not(.elementor-drop-cap-view-default) .elementor-drop-cap{margin-top:8px}.elementor-widget-text-editor:not(.elementor-drop-cap-view-default) .elementor-drop-cap-letter{width:1em;height:1em}.elementor-widget-text-editor .elementor-drop-cap{float:left;text-align:center;line-height:1;font-size:50px}.elementor-widget-text-editor .elementor-drop-cap-letter{display:inline-block}<\/style>\t\t\t\t<p>The company accountant plays a fundamental role in the financial management and success of any company operating in this sector. It is an essential tool to ensure that all financial transactions are recorded accurately and that financial resources are managed efficiently. Let&#039;s explore in more detail the role of accounting in commerce and the accounting services that can be offered to companies in this field.<\/p>\t\t\t\t\t\t<\/div>\n\t\t\t\t<\/div>\n\t\t\t\t<div class=\"elementor-element elementor-element-b48a734 elementor-widget elementor-widget-elementskit-button\" data-id=\"b48a734\" data-element_type=\"widget\" data-widget_type=\"elementskit-button.default\">\n\t\t\t\t<div class=\"elementor-widget-container\">\n\t\t\t<div class=\"ekit-wid-con\" >\t\t<div class=\"ekit-btn-wraper\">\n\t\t\t\t\t\t\t<a href=\"https:\/\/wa.me\/5511918787628?text=Ol%C3%A1%2C+estou+no+site+e+gostaria+de+mais+informa%C3%A7%C3%B5es.\" target=\"_blank\" class=\"elementskit-btn  whitespace--normal\" >\n\t\t\t\t\tOnline service\n\t\t\t\t\t<i aria-hidden=\"true\" class=\"fab fa-whatsapp\"><\/i>\n\t\t\t\t<\/a>\n\t\t\t\t\t\t<\/div>\n        <\/div>\t\t<\/div>\n\t\t\t\t<\/div>\n\t\t\t\t\t<\/div>\n\t\t<\/div>\n\t\t\t\t<div class=\"elementor-column elementor-col-50 elementor-top-column elementor-element elementor-element-8ce6ea6\" data-id=\"8ce6ea6\" data-element_type=\"column\">\n\t\t\t<div class=\"elementor-widget-wrap elementor-element-populated\">\n\t\t\t\t\t\t\t\t<div class=\"elementor-element elementor-element-9826523 elementor-widget elementor-widget-image\" data-id=\"9826523\" data-element_type=\"widget\" data-widget_type=\"image.default\">\n\t\t\t\t<div class=\"elementor-widget-container\">\n\t\t\t<style>\/*! elementor - v3.14.0 - 26-06-2023 *\/\n.elementor-widget-image{text-align:center}.elementor-widget-image a{display:inline-block}.elementor-widget-image a img[src$=\".svg\"]{width:48px}.elementor-widget-image img{vertical-align:middle;display:inline-block}<\/style>\t\t\t\t\t\t\t\t\t\t\t\t<img decoding=\"async\" src=\"https:\/\/taxconta.com.br\/wp-content\/uploads\/elementor\/thumbs\/image038-qaye8hp6m2cqxfo7g6jot6ryskzs70xpjhv6d7de0c.jpg\" title=\"Accounting for Commerce\" alt=\"Contabilidade para Com\u00e9rcio\" loading=\"lazy\" \/>\t\t\t\t\t\t\t\t\t\t\t\t\t\t\t<\/div>\n\t\t\t\t<\/div>\n\t\t\t\t\t<\/div>\n\t\t<\/div>\n\t\t\t\t\t\t\t<\/div>\n\t\t<\/section>\n\t\t\t\t<section class=\"elementor-section elementor-top-section elementor-element elementor-element-97d1513 elementor-section-boxed elementor-section-height-default elementor-section-height-default\" data-id=\"97d1513\" data-element_type=\"section\">\n\t\t\t\t\t\t<div class=\"elementor-container elementor-column-gap-default\">\n\t\t\t\t\t<div class=\"elementor-column elementor-col-100 elementor-top-column elementor-element elementor-element-5a74bab\" data-id=\"5a74bab\" data-element_type=\"column\">\n\t\t\t<div class=\"elementor-widget-wrap elementor-element-populated\">\n\t\t\t\t\t\t\t\t<div class=\"elementor-element elementor-element-10bb325 elementor-widget elementor-widget-heading\" data-id=\"10bb325\" data-element_type=\"widget\" data-widget_type=\"heading.default\">\n\t\t\t\t<div class=\"elementor-widget-container\">\n\t\t\t<h3 class=\"elementor-heading-title elementor-size-default\">Advantages of the Accounting Service for Commerce<\/h3>\t\t<\/div>\n\t\t\t\t<\/div>\n\t\t\t\t<div class=\"elementor-element elementor-element-4042afc elementor-widget-divider--view-line_icon elementor-view-default elementor-widget-divider--element-align-center elementor-widget elementor-widget-divider\" data-id=\"4042afc\" data-element_type=\"widget\" data-widget_type=\"divider.default\">\n\t\t\t\t<div class=\"elementor-widget-container\">\n\t\t\t<style>\/*! elementor - v3.14.0 - 26-06-2023 *\/\n.elementor-widget-divider{--divider-border-style:none;--divider-border-width:1px;--divider-color:#0c0d0e;--divider-icon-size:20px;--divider-element-spacing:10px;--divider-pattern-height:24px;--divider-pattern-size:20px;--divider-pattern-url:none;--divider-pattern-repeat:repeat-x}.elementor-widget-divider .elementor-divider{display:flex}.elementor-widget-divider .elementor-divider__text{font-size:15px;line-height:1;max-width:95%}.elementor-widget-divider .elementor-divider__element{margin:0 var(--divider-element-spacing);flex-shrink:0}.elementor-widget-divider .elementor-icon{font-size:var(--divider-icon-size)}.elementor-widget-divider .elementor-divider-separator{display:flex;margin:0;direction:ltr}.elementor-widget-divider--view-line_icon .elementor-divider-separator,.elementor-widget-divider--view-line_text .elementor-divider-separator{align-items:center}.elementor-widget-divider--view-line_icon .elementor-divider-separator:after,.elementor-widget-divider--view-line_icon .elementor-divider-separator:before,.elementor-widget-divider--view-line_text .elementor-divider-separator:after,.elementor-widget-divider--view-line_text .elementor-divider-separator:before{display:block;content:\"\";border-bottom:0;flex-grow:1;border-top:var(--divider-border-width) var(--divider-border-style) var(--divider-color)}.elementor-widget-divider--element-align-left .elementor-divider .elementor-divider-separator>.elementor-divider__svg:first-of-type{flex-grow:0;flex-shrink:100}.elementor-widget-divider--element-align-left .elementor-divider-separator:before{content:none}.elementor-widget-divider--element-align-left .elementor-divider__element{margin-left:0}.elementor-widget-divider--element-align-right .elementor-divider .elementor-divider-separator>.elementor-divider__svg:last-of-type{flex-grow:0;flex-shrink:100}.elementor-widget-divider--element-align-right .elementor-divider-separator:after{content:none}.elementor-widget-divider--element-align-right .elementor-divider__element{margin-right:0}.elementor-widget-divider:not(.elementor-widget-divider--view-line_text):not(.elementor-widget-divider--view-line_icon) .elementor-divider-separator{border-top:var(--divider-border-width) var(--divider-border-style) var(--divider-color)}.elementor-widget-divider--separator-type-pattern{--divider-border-style:none}.elementor-widget-divider--separator-type-pattern.elementor-widget-divider--view-line .elementor-divider-separator,.elementor-widget-divider--separator-type-pattern:not(.elementor-widget-divider--view-line) .elementor-divider-separator:after,.elementor-widget-divider--separator-type-pattern:not(.elementor-widget-divider--view-line) .elementor-divider-separator:before,.elementor-widget-divider--separator-type-pattern:not([class*=elementor-widget-divider--view]) .elementor-divider-separator{width:100%;min-height:var(--divider-pattern-height);-webkit-mask-size:var(--divider-pattern-size) 100%;mask-size:var(--divider-pattern-size) 100%;-webkit-mask-repeat:var(--divider-pattern-repeat);mask-repeat:var(--divider-pattern-repeat);background-color:var(--divider-color);-webkit-mask-image:var(--divider-pattern-url);mask-image:var(--divider-pattern-url)}.elementor-widget-divider--no-spacing{--divider-pattern-size:auto}.elementor-widget-divider--bg-round{--divider-pattern-repeat:round}.rtl .elementor-widget-divider .elementor-divider__text{direction:rtl}.e-con-inner>.elementor-widget-divider,.e-con>.elementor-widget-divider{width:var(--container-widget-width,100%);--flex-grow:var(--container-widget-flex-grow)}<\/style>\t\t<div class=\"elementor-divider\">\n\t\t\t<span class=\"elementor-divider-separator\">\n\t\t\t\t\t\t\t<div class=\"elementor-icon elementor-divider__element\">\n\t\t\t\t\t<i aria-hidden=\"true\" class=\"icon icon-down-arrow1\"><\/i><\/div>\n\t\t\t\t\t\t<\/span>\n\t\t<\/div>\n\t\t\t\t<\/div>\n\t\t\t\t<\/div>\n\t\t\t\t<div class=\"elementor-element elementor-element-01081ec elementor-widget elementor-widget-text-editor\" data-id=\"01081ec\" data-element_type=\"widget\" data-widget_type=\"text-editor.default\">\n\t\t\t\t<div class=\"elementor-widget-container\">\n\t\t\t\t\t\t\t<p><strong>The Importance of an Accountant for a Company<br \/><\/strong><\/p><p>Accounting in commerce is a discipline that covers the collection, analysis and recording of all financial transactions of a company that makes purchases and sales of products:<\/p><p><strong>Financial control:<\/strong> Accounting allows business owners to have detailed control of their finances. This includes tracking revenue, expenses, profits and losses. With this information in hand, managers can make informed decisions about how to allocate resources and invest in business growth.<\/p><p><strong>Tax Compliance:<\/strong> Trading companies are subject to specific tax regulations. Accounting helps ensure that all taxes are calculated correctly and paid within legal deadlines. This avoids problems with tax authorities and unnecessary fines.<\/p><p><strong>Stock Valuation:<\/strong> For trading companies, inventory is an important asset. Accounting helps track the value of inventories and determine whether they are being managed efficiently. This is also crucial for making decisions about purchases and sales.<\/p><p><strong>Decision-making:<\/strong> The financial reports generated by accounting provide valuable information for making strategic decisions. Business owners can use this data to identify areas for improvement, identify market trends, and plan the future of the business.<\/p><p><strong>Accounting Services in Commerce<\/strong><\/p><p>To ensure that accounting in commerce is carried out effectively, many companies rely on specialized accounting services. Some of the most common services include:<strong>Transaction Record:<\/strong> This involves recording all financial transactions such as sales, purchases, payments and receipts. This can be done manually or with the help of accounting software.<\/p><p><strong>Balance Sheet Closing:<\/strong> At the end of each accounting period, accounting services help prepare financial statements, including the balance sheet, income statement, and cash flow.<\/p><p><strong>Tax Declarations:<\/strong> Accounting professionals assist in preparing and filing tax returns, ensuring that the company is in compliance with tax laws.<\/p><p><strong>Financial Consulting:<\/strong> In addition to routine tasks, accounting services can offer financial advice to help companies optimize their finances, reduce costs and improve profitability.<\/p><p><strong>Internal Audit:<\/strong> Some businesses choose to perform internal audits to ensure the integrity of their financial processes. Accounting services can assist in this process.<\/p><p>In summary, accounting plays a critical role in the successful management of trading companies. It provides accurate and relevant financial information that helps business owners make informed decisions and meet their tax obligations. By relying on specialized accounting services, companies can ensure that their accounting is carried out efficiently and professionally, allowing them to focus on the growth and success of their business.<a href=\"https:\/\/taxconta.com.br\/en\/sitemap_index.xml\/\" target=\"_blank\" rel=\"noopener\">.<\/a><\/p><p><span class=\"font-size:18px;\"><strong><a href=\"https:\/\/taxconta.com.br\/en\/fale-conosco\/\" rel=\"noopener\">Click here and contact us.<\/a><\/strong><\/span><\/p>\t\t\t\t\t\t<\/div>\n\t\t\t\t<\/div>\n\t\t\t\t\t<\/div>\n\t\t<\/div>\n\t\t\t\t\t\t\t<\/div>\n\t\t<\/section>\n\t\t\t\t<section class=\"elementor-section elementor-top-section elementor-element elementor-element-203db10 elementor-section-boxed elementor-section-height-default elementor-section-height-default\" data-id=\"203db10\" data-element_type=\"section\" data-settings=\"{&quot;background_background&quot;:&quot;classic&quot;}\">\n\t\t\t\t\t\t<div class=\"elementor-container elementor-column-gap-default\">\n\t\t\t\t\t<div class=\"elementor-column elementor-col-100 elementor-top-column elementor-element elementor-element-ee00489\" data-id=\"ee00489\" data-element_type=\"column\">\n\t\t\t<div class=\"elementor-widget-wrap elementor-element-populated\">\n\t\t\t\t\t\t\t\t<section class=\"elementor-section elementor-inner-section elementor-element elementor-element-4e78f2c elementor-section-full_width elementor-section-height-default elementor-section-height-default\" data-id=\"4e78f2c\" data-element_type=\"section\" data-settings=\"{&quot;background_background&quot;:&quot;classic&quot;}\">\n\t\t\t\t\t\t<div class=\"elementor-container elementor-column-gap-default\">\n\t\t\t\t\t<div class=\"elementor-column elementor-col-50 elementor-inner-column elementor-element elementor-element-30525d6\" data-id=\"30525d6\" data-element_type=\"column\">\n\t\t\t<div class=\"elementor-widget-wrap elementor-element-populated\">\n\t\t\t\t\t\t\t\t<div class=\"elementor-element elementor-element-ff526df elementor-widget elementor-widget-elementskit-heading\" data-id=\"ff526df\" data-element_type=\"widget\" data-widget_type=\"elementskit-heading.default\">\n\t\t\t\t<div class=\"elementor-widget-container\">\n\t\t\t<div class=\"ekit-wid-con\" ><div class=\"ekit-heading elementskit-section-title-wraper text_left   ekit_heading_tablet-   ekit_heading_mobile-text_center\"><h2 class=\"ekit-heading--title elementskit-section-title\">Need to talk to <span><span>an expert?<\/span><\/span><\/h2>\t\t\t\t<div class='ekit-heading__description'>\n\t\t\t\t\t<p>Get in touch using the button on the side and quickly receive your personalized quote, with the best deadlines on the market!<\/p>\n\t\t\t\t<\/div>\n\t\t\t<\/div><\/div>\t\t<\/div>\n\t\t\t\t<\/div>\n\t\t\t\t\t<\/div>\n\t\t<\/div>\n\t\t\t\t<div class=\"elementor-column elementor-col-50 elementor-inner-column elementor-element elementor-element-1ee530c\" data-id=\"1ee530c\" data-element_type=\"column\">\n\t\t\t<div class=\"elementor-widget-wrap elementor-element-populated\">\n\t\t\t\t\t\t\t\t<div class=\"elementor-element elementor-element-227aa4f elementor-widget elementor-widget-elementskit-button\" data-id=\"227aa4f\" data-element_type=\"widget\" data-widget_type=\"elementskit-button.default\">\n\t\t\t\t<div class=\"elementor-widget-container\">\n\t\t\t<div class=\"ekit-wid-con\" >\t\t<div class=\"ekit-btn-wraper\">\n\t\t\t\t\t\t\t<a href=\"https:\/\/wa.me\/5511918787628?text=Ol%C3%A1%2C+estou+no+site+e+gostaria+de+mais+informa%C3%A7%C3%B5es.\" target=\"_blank\" class=\"elementskit-btn  whitespace--normal\" >\n\t\t\t\t\tOnline service\n\t\t\t\t\t<i aria-hidden=\"true\" class=\"fab fa-whatsapp\"><\/i>\n\t\t\t\t<\/a>\n\t\t\t\t\t\t<\/div>\n        <\/div>\t\t<\/div>\n\t\t\t\t<\/div>\n\t\t\t\t\t<\/div>\n\t\t<\/div>\n\t\t\t\t\t\t\t<\/div>\n\t\t<\/section>\n\t\t\t\t\t<\/div>\n\t\t<\/div>\n\t\t\t\t\t\t\t<\/div>\n\t\t<\/section>\n\t\t\t\t\t\t\t<\/div>","protected":false},"excerpt":{"rendered":"<p>Contador para Empresa Simplificando os procedimentos de servi\u00e7o contador para empresa e consultoria cont\u00e1bil, tribut\u00e1rios e consultivos. O contador para empresa, possui um papel fundamental na gest\u00e3o financeira e no sucesso de qualquer empresa que atue nesse setor. Ela \u00e9 uma ferramenta essencial para garantir que todas as transa\u00e7\u00f5es financeiras sejam registradas de forma precisa [&hellip;]<\/p>","protected":false},"author":1,"featured_media":0,"parent":0,"menu_order":0,"comment_status":"closed","ping_status":"closed","template":"","meta":{"footnotes":""},"class_list":["post-900","page","type-page","status-publish","hentry"],"yoast_head":"<!-- This site is optimized with the Yoast SEO Premium plugin v21.1 (Yoast SEO v21.2) - https:\/\/yoast.com\/wordpress\/plugins\/seo\/ -->\n<title>Contador para Empresa - TaxConta Consultoria Cont\u00e1beis<\/title>\n<meta name=\"description\" content=\"TaxConta especialista em servi\u00e7o de contador para empresa, contamos com profissionais qualificados e especialistas na \u00e1rea cont\u00e1bil.\" \/>\n<meta name=\"robots\" content=\"index, follow, max-snippet:-1, max-image-preview:large, max-video-preview:-1\" \/>\n<link rel=\"canonical\" href=\"https:\/\/taxconta.com.br\/en\/contador-para-empresa\/\" \/>\n<meta property=\"og:locale\" content=\"en_US\" \/>\n<meta property=\"og:type\" content=\"article\" \/>\n<meta property=\"og:title\" content=\"Contador para Empresa\" \/>\n<meta property=\"og:description\" content=\"TaxConta especialista em servi\u00e7o de contador para empresa, contamos com profissionais qualificados e especialistas na \u00e1rea cont\u00e1bil.\" \/>\n<meta property=\"og:url\" content=\"https:\/\/taxconta.com.br\/en\/contador-para-empresa\/\" \/>\n<meta property=\"og:site_name\" content=\"TaxConta\" \/>\n<meta property=\"article:modified_time\" content=\"2023-09-20T19:52:20+00:00\" \/>\n<meta property=\"og:image\" content=\"https:\/\/taxconta.com.br\/wp-content\/uploads\/elementor\/thumbs\/image038-qaye8hp6m2cqxfo7g6jot6ryskzs70xpjhv6d7de0c.jpg\" \/>\n<meta name=\"twitter:card\" content=\"summary_large_image\" \/>\n<meta name=\"twitter:label1\" content=\"Est. reading time\" \/>\n\t<meta name=\"twitter:data1\" content=\"4 minutes\" \/>\n<script type=\"application\/ld+json\" class=\"yoast-schema-graph\">{\"@context\":\"https:\/\/schema.org\",\"@graph\":[{\"@type\":\"WebPage\",\"@id\":\"https:\/\/taxconta.com.br\/contador-para-empresa\/\",\"url\":\"https:\/\/taxconta.com.br\/contador-para-empresa\/\",\"name\":\"Contador para Empresa - TaxConta Consultoria Cont\u00e1beis\",\"isPartOf\":{\"@id\":\"https:\/\/taxconta.com.br\/#website\"},\"datePublished\":\"2023-09-20T19:49:41+00:00\",\"dateModified\":\"2023-09-20T19:52:20+00:00\",\"description\":\"TaxConta especialista em servi\u00e7o de contador para empresa, contamos com profissionais qualificados e especialistas na \u00e1rea cont\u00e1bil.\",\"breadcrumb\":{\"@id\":\"https:\/\/taxconta.com.br\/contador-para-empresa\/#breadcrumb\"},\"inLanguage\":\"en-US\",\"potentialAction\":[{\"@type\":\"ReadAction\",\"target\":[\"https:\/\/taxconta.com.br\/contador-para-empresa\/\"]}]},{\"@type\":\"BreadcrumbList\",\"@id\":\"https:\/\/taxconta.com.br\/contador-para-empresa\/#breadcrumb\",\"itemListElement\":[{\"@type\":\"ListItem\",\"position\":1,\"name\":\"In\u00edcio\",\"item\":\"https:\/\/taxconta.com.br\/\"},{\"@type\":\"ListItem\",\"position\":2,\"name\":\"Contador para Empresa\"}]},{\"@type\":\"WebSite\",\"@id\":\"https:\/\/taxconta.com.br\/#website\",\"url\":\"https:\/\/taxconta.com.br\/\",\"name\":\"TaxConta - Consultoria cont\u00e1bil\",\"description\":\"Nossa empresa \u00e9 formada por profissionais com amplo conhecimento na \u00e1rea de gest\u00e3o e consultoria cont\u00e1bil, tribut\u00e1ria e trabalhista.\",\"alternateName\":\"TaxConta - Consultoria cont\u00e1bil, tribut\u00e1ria e trabalhista\",\"potentialAction\":[{\"@type\":\"SearchAction\",\"target\":{\"@type\":\"EntryPoint\",\"urlTemplate\":\"https:\/\/taxconta.com.br\/?s={search_term_string}\"},\"query-input\":\"required name=search_term_string\"}],\"inLanguage\":\"en-US\"}]}<\/script>\n<!-- \/ Yoast SEO Premium plugin. -->","yoast_head_json":{"title":"Contador para Empresa - TaxConta Consultoria Cont\u00e1beis","description":"TaxConta especialista em servi\u00e7o de contador para empresa, contamos com profissionais qualificados e especialistas na \u00e1rea cont\u00e1bil.","robots":{"index":"index","follow":"follow","max-snippet":"max-snippet:-1","max-image-preview":"max-image-preview:large","max-video-preview":"max-video-preview:-1"},"canonical":"https:\/\/taxconta.com.br\/en\/contador-para-empresa\/","og_locale":"en_US","og_type":"article","og_title":"Contador para Empresa","og_description":"TaxConta especialista em servi\u00e7o de contador para empresa, contamos com profissionais qualificados e especialistas na \u00e1rea cont\u00e1bil.","og_url":"https:\/\/taxconta.com.br\/en\/contador-para-empresa\/","og_site_name":"TaxConta","article_modified_time":"2023-09-20T19:52:20+00:00","og_image":[{"url":"https:\/\/taxconta.com.br\/wp-content\/uploads\/elementor\/thumbs\/image038-qaye8hp6m2cqxfo7g6jot6ryskzs70xpjhv6d7de0c.jpg"}],"twitter_card":"summary_large_image","twitter_misc":{"Est. reading time":"4 minutes"},"schema":{"@context":"https:\/\/schema.org","@graph":[{"@type":"WebPage","@id":"https:\/\/taxconta.com.br\/contador-para-empresa\/","url":"https:\/\/taxconta.com.br\/contador-para-empresa\/","name":"Contador para Empresa - TaxConta Consultoria Cont\u00e1beis","isPartOf":{"@id":"https:\/\/taxconta.com.br\/#website"},"datePublished":"2023-09-20T19:49:41+00:00","dateModified":"2023-09-20T19:52:20+00:00","description":"TaxConta especialista em servi\u00e7o de contador para empresa, contamos com profissionais qualificados e especialistas na \u00e1rea cont\u00e1bil.","breadcrumb":{"@id":"https:\/\/taxconta.com.br\/contador-para-empresa\/#breadcrumb"},"inLanguage":"en-US","potentialAction":[{"@type":"ReadAction","target":["https:\/\/taxconta.com.br\/contador-para-empresa\/"]}]},{"@type":"BreadcrumbList","@id":"https:\/\/taxconta.com.br\/contador-para-empresa\/#breadcrumb","itemListElement":[{"@type":"ListItem","position":1,"name":"In\u00edcio","item":"https:\/\/taxconta.com.br\/"},{"@type":"ListItem","position":2,"name":"Contador para Empresa"}]},{"@type":"WebSite","@id":"https:\/\/taxconta.com.br\/#website","url":"https:\/\/taxconta.com.br\/","name":"TaxConta - Consultoria cont\u00e1bil","description":"Nossa empresa \u00e9 formada por profissionais com amplo conhecimento na \u00e1rea de gest\u00e3o e consultoria cont\u00e1bil, tribut\u00e1ria e trabalhista.","alternateName":"TaxConta - Consultoria cont\u00e1bil, tribut\u00e1ria e trabalhista","potentialAction":[{"@type":"SearchAction","target":{"@type":"EntryPoint","urlTemplate":"https:\/\/taxconta.com.br\/?s={search_term_string}"},"query-input":"required name=search_term_string"}],"inLanguage":"en-US"}]}},"_links":{"self":[{"href":"https:\/\/taxconta.com.br\/en\/wp-json\/wp\/v2\/pages\/900","targetHints":{"allow":["GET"]}}],"collection":[{"href":"https:\/\/taxconta.com.br\/en\/wp-json\/wp\/v2\/pages"}],"about":[{"href":"https:\/\/taxconta.com.br\/en\/wp-json\/wp\/v2\/types\/page"}],"author":[{"embeddable":true,"href":"https:\/\/taxconta.com.br\/en\/wp-json\/wp\/v2\/users\/1"}],"replies":[{"embeddable":true,"href":"https:\/\/taxconta.com.br\/en\/wp-json\/wp\/v2\/comments?post=900"}],"version-history":[{"count":9,"href":"https:\/\/taxconta.com.br\/en\/wp-json\/wp\/v2\/pages\/900\/revisions"}],"predecessor-version":[{"id":923,"href":"https:\/\/taxconta.com.br\/en\/wp-json\/wp\/v2\/pages\/900\/revisions\/923"}],"wp:attachment":[{"href":"https:\/\/taxconta.com.br\/en\/wp-json\/wp\/v2\/media?parent=900"}],"curies":[{"name":"wp","href":"https:\/\/api.w.org\/{rel}","templated":true}]}}