{"id":1022,"date":"2023-11-17T16:03:28","date_gmt":"2023-11-17T19:03:28","guid":{"rendered":"https:\/\/taxconta.com.br\/?page_id=1022"},"modified":"2023-11-17T16:09:05","modified_gmt":"2023-11-17T19:09:05","slug":"mapa-do-site","status":"publish","type":"page","link":"https:\/\/taxconta.com.br\/es\/mapa-do-site\/","title":{"rendered":"Mapa del sitio"},"content":{"rendered":"<div data-elementor-type=\"wp-page\" data-elementor-id=\"1022\" class=\"elementor elementor-1022\">\n\t\t\t\t\t\t\t\t\t<section class=\"elementor-section elementor-top-section elementor-element elementor-element-fb8cb64 elementor-section-boxed elementor-section-height-default elementor-section-height-default\" data-id=\"fb8cb64\" data-element_type=\"section\" data-settings=\"{&quot;background_background&quot;:&quot;classic&quot;}\">\n\t\t\t\t\t\t<div class=\"elementor-container elementor-column-gap-default\">\n\t\t\t\t\t<div class=\"elementor-column elementor-col-100 elementor-top-column elementor-element elementor-element-221f62c\" data-id=\"221f62c\" data-element_type=\"column\">\n\t\t\t<div class=\"elementor-widget-wrap elementor-element-populated\">\n\t\t\t\t\t\t\t\t<div class=\"elementor-element elementor-element-4eb8def elementor-widget elementor-widget-heading\" data-id=\"4eb8def\" data-element_type=\"widget\" data-widget_type=\"heading.default\">\n\t\t\t\t<div class=\"elementor-widget-container\">\n\t\t\t<style>\/*! elementor - v3.14.0 - 26-06-2023 *\/\n.elementor-heading-title{padding:0;margin:0;line-height:1}.elementor-widget-heading .elementor-heading-title[class*=elementor-size-]>a{color:inherit;font-size:inherit;line-height:inherit}.elementor-widget-heading .elementor-heading-title.elementor-size-small{font-size:15px}.elementor-widget-heading .elementor-heading-title.elementor-size-medium{font-size:19px}.elementor-widget-heading .elementor-heading-title.elementor-size-large{font-size:29px}.elementor-widget-heading .elementor-heading-title.elementor-size-xl{font-size:39px}.elementor-widget-heading .elementor-heading-title.elementor-size-xxl{font-size:59px}<\/style><h1 class=\"elementor-heading-title elementor-size-default\">Mapa del sitio<\/h1>\t\t<\/div>\n\t\t\t\t<\/div>\n\t\t\t\t<div class=\"elementor-element elementor-element-c5dadd6 elementor-widget elementor-widget-sitemap\" data-id=\"c5dadd6\" data-element_type=\"widget\" data-widget_type=\"sitemap.default\">\n\t\t\t\t<div class=\"elementor-widget-container\">\n\t\t\t<link rel=\"stylesheet\" href=\"https:\/\/taxconta.com.br\/wp-content\/plugins\/elementor-pro\/assets\/css\/widget-theme-elements.min.css\"><div class=\"elementor-sitemap-wrap\"><div class=\"elementor-sitemap-section\"><p class=\"elementor-sitemap-title elementor-sitemap-page-title\">paginas<\/p><ul class=\"elementor-sitemap-list elementor-sitemap-page-list\"><li class=\"elementor-sitemap-item elementor-sitemap-item-page page_item page-item-1416\"><a href=\"https:\/\/taxconta.com.br\/es\/obrigado\/\">Obrigado<\/a><\/li><li class=\"elementor-sitemap-item elementor-sitemap-item-page page_item page-item-1395\"><a href=\"https:\/\/taxconta.com.br\/es\/simulador-da-reforma-tributaria\/\">Simulador da Reforma Tribut\u00e1ria<\/a><\/li><li class=\"elementor-sitemap-item elementor-sitemap-item-page page_item page-item-1277\"><a href=\"https:\/\/taxconta.com.br\/es\/lp\/\">Lp<\/a><\/li><li class=\"elementor-sitemap-item elementor-sitemap-item-page page_item page-item-1022\"><a href=\"https:\/\/taxconta.com.br\/es\/mapa-do-site\/\">Mapa del sitio<\/a><\/li><li class=\"elementor-sitemap-item elementor-sitemap-item-page page_item page-item-900\"><a href=\"https:\/\/taxconta.com.br\/es\/contador-para-empresa\/\">Contador de la empresa<\/a><\/li><li class=\"elementor-sitemap-item elementor-sitemap-item-page page_item page-item-899\"><a href=\"https:\/\/taxconta.com.br\/es\/contador-para-comercio\/\">contador de comercio<\/a><\/li><li class=\"elementor-sitemap-item elementor-sitemap-item-page page_item page-item-898\"><a href=\"https:\/\/taxconta.com.br\/es\/contabilidade-para-loja\/\">Contabilidad de la tienda<\/a><\/li><li class=\"elementor-sitemap-item elementor-sitemap-item-page page_item page-item-889\"><a href=\"https:\/\/taxconta.com.br\/es\/contabilidade-para-comercio\/\">Contabilidad para el Comercio<\/a><\/li><li class=\"elementor-sitemap-item elementor-sitemap-item-page page_item page-item-880\"><a href=\"https:\/\/taxconta.com.br\/es\/abertura-de-mei\/\">La apertura de Mei.<\/a><\/li><li class=\"elementor-sitemap-item elementor-sitemap-item-page page_item page-item-859\"><a href=\"https:\/\/taxconta.com.br\/es\/abertura-de-cnpj-simples-nacional\/\">Inauguraci\u00f3n del CNPJ Nacional Simple<\/a><\/li><li class=\"elementor-sitemap-item elementor-sitemap-item-page page_item page-item-843\"><a href=\"https:\/\/taxconta.com.br\/es\/abertura-de-empresa-e-cnpj\/\">Apertura de Empresa y CNPJ<\/a><\/li><li class=\"elementor-sitemap-item elementor-sitemap-item-page page_item page-item-842\"><a href=\"https:\/\/taxconta.com.br\/es\/abrir-cnpj\/\">Abierto CNPJ<\/a><\/li><li class=\"elementor-sitemap-item elementor-sitemap-item-page page_item page-item-841\"><a href=\"https:\/\/taxconta.com.br\/es\/abrir-empresa-e-cnpj\/\">Empresa Abierta y CNPJ<\/a><\/li><li class=\"elementor-sitemap-item elementor-sitemap-item-page page_item page-item-769\"><a href=\"https:\/\/taxconta.com.br\/es\/abertura-de-empresa\/\">Apertura de empresa<\/a><\/li><li class=\"elementor-sitemap-item elementor-sitemap-item-page page_item page-item-774\"><a href=\"https:\/\/taxconta.com.br\/es\/gestao-contabil-online\/\">Gesti\u00f3n contable en l\u00ednea<\/a><\/li><li class=\"elementor-sitemap-item elementor-sitemap-item-page page_item page-item-773\"><a href=\"https:\/\/taxconta.com.br\/es\/gestao-contabil\/\">Gerencia de Contabilidad<\/a><\/li><li class=\"elementor-sitemap-item elementor-sitemap-item-page page_item page-item-772\"><a href=\"https:\/\/taxconta.com.br\/es\/escritorio-de-contabilidade-sp\/\">Oficina de Contabilidad SP<\/a><\/li><li class=\"elementor-sitemap-item elementor-sitemap-item-page page_item page-item-771\"><a href=\"https:\/\/taxconta.com.br\/es\/empresa-de-contabilidade\/\">Empresa de contabilidad<\/a><\/li><li class=\"elementor-sitemap-item elementor-sitemap-item-page page_item page-item-770\"><a href=\"https:\/\/taxconta.com.br\/es\/contabilidade-facilitada\/\">Contabilidad simplificada<\/a><\/li><li class=\"elementor-sitemap-item elementor-sitemap-item-page page_item page-item-768\"><a href=\"https:\/\/taxconta.com.br\/es\/contabilidade-online\/\">contabilidad en l\u00ednea<\/a><\/li><li class=\"elementor-sitemap-item elementor-sitemap-item-page page_item page-item-710\"><a href=\"https:\/\/taxconta.com.br\/es\/servico-contabil-online\/\">servicio de contabilidad en l\u00ednea<\/a><\/li><li class=\"elementor-sitemap-item elementor-sitemap-item-page page_item page-item-709\"><a href=\"https:\/\/taxconta.com.br\/es\/servico-contabil-digital\/\">servicio de contabilidad digital<\/a><\/li><li class=\"elementor-sitemap-item elementor-sitemap-item-page page_item page-item-705\"><a href=\"https:\/\/taxconta.com.br\/es\/contador-online\/\">contador en l\u00ednea<\/a><\/li><li class=\"elementor-sitemap-item elementor-sitemap-item-page page_item page-item-706\"><a href=\"https:\/\/taxconta.com.br\/es\/contador-digital\/\">Contador digital<\/a><\/li><li class=\"elementor-sitemap-item elementor-sitemap-item-page page_item page-item-707\"><a href=\"https:\/\/taxconta.com.br\/es\/contabilidade-web\/\">contabilidad web<\/a><\/li><li class=\"elementor-sitemap-item elementor-sitemap-item-page page_item page-item-708\"><a href=\"https:\/\/taxconta.com.br\/es\/contabilidade-empresarial\/\">contabilidad empresarial<\/a><\/li><li class=\"elementor-sitemap-item elementor-sitemap-item-page page_item page-item-711\"><a href=\"https:\/\/taxconta.com.br\/es\/contabilidade-digital\/\">contabilidad digital<\/a><\/li><li class=\"elementor-sitemap-item elementor-sitemap-item-page page_item page-item-704\"><a href=\"https:\/\/taxconta.com.br\/es\/contabilidade-especializada\/\">Contabilidad Especializada<\/a><\/li><li class=\"elementor-sitemap-item elementor-sitemap-item-page page_item page-item-703\"><a href=\"https:\/\/taxconta.com.br\/es\/contabilidade-no-brasil\/\">Contabilidad en Brasil<\/a><\/li><li class=\"elementor-sitemap-item elementor-sitemap-item-page page_item page-item-676\"><a href=\"https:\/\/taxconta.com.br\/es\/servico-de-contabilidade\/\">Servicio de Contabilidad<\/a><\/li><li class=\"elementor-sitemap-item elementor-sitemap-item-page page_item page-item-564\"><a href=\"https:\/\/taxconta.com.br\/es\/banco-e-certificado-digital-gratuitos\/\">Certificado Bancario y Digital Gratis<\/a><\/li><li class=\"elementor-sitemap-item elementor-sitemap-item-page page_item page-item-556\"><a href=\"https:\/\/taxconta.com.br\/es\/consultoria-e-auditoria\/\">Consultor\u00eda y Auditor\u00eda<\/a><\/li><li class=\"elementor-sitemap-item elementor-sitemap-item-page page_item page-item-551\"><a href=\"https:\/\/taxconta.com.br\/es\/contabilidade\/\">Contabilidad, Consultor\u00eda y Auditor\u00eda<\/a><\/li><li class=\"elementor-sitemap-item elementor-sitemap-item-page page_item page-item-411 current_page_parent\"><a href=\"https:\/\/taxconta.com.br\/es\/blog\/\">Blog<\/a><\/li><li class=\"elementor-sitemap-item elementor-sitemap-item-page page_item page-item-267\"><a href=\"https:\/\/taxconta.com.br\/es\/sobre-nos\/\">Sobre nosotros<\/a><\/li><li class=\"elementor-sitemap-item elementor-sitemap-item-page page_item page-item-247\"><a href=\"https:\/\/taxconta.com.br\/es\/fale-conosco\/\">Hable con nosotros<\/a><\/li><li class=\"elementor-sitemap-item elementor-sitemap-item-page page_item page-item-245\"><a href=\"https:\/\/taxconta.com.br\/es\/servicos\/\">servicios<\/a><\/li><li class=\"elementor-sitemap-item elementor-sitemap-item-page page_item page-item-243\"><a href=\"https:\/\/taxconta.com.br\/es\/planos\/\">Planes<\/a><\/li><li class=\"elementor-sitemap-item elementor-sitemap-item-page page_item page-item-2\"><a href=\"https:\/\/taxconta.com.br\/es\/\">Hogar<\/a><\/li><\/ul><\/div><\/div>\t\t<\/div>\n\t\t\t\t<\/div>\n\t\t\t\t\t<\/div>\n\t\t<\/div>\n\t\t\t\t\t\t\t<\/div>\n\t\t<\/section>\n\t\t\t\t\t\t\t<\/div>","protected":false},"excerpt":{"rendered":"<p>Mapa del sitio<\/p>","protected":false},"author":1,"featured_media":0,"parent":0,"menu_order":0,"comment_status":"closed","ping_status":"closed","template":"","meta":{"footnotes":""},"class_list":["post-1022","page","type-page","status-publish","hentry"],"yoast_head":"<!-- This site is optimized with the Yoast SEO Premium plugin v21.1 (Yoast SEO v21.2) - https:\/\/yoast.com\/wordpress\/plugins\/seo\/ -->\n<title>Mapa do site - TaxConta<\/title>\n<meta name=\"robots\" content=\"index, follow, max-snippet:-1, max-image-preview:large, max-video-preview:-1\" \/>\n<link rel=\"canonical\" href=\"https:\/\/taxconta.com.br\/es\/mapa-do-site\/\" \/>\n<meta property=\"og:locale\" content=\"es_ES\" \/>\n<meta property=\"og:type\" content=\"article\" \/>\n<meta property=\"og:title\" content=\"Mapa do site\" \/>\n<meta property=\"og:description\" content=\"Mapa do site\" \/>\n<meta property=\"og:url\" content=\"https:\/\/taxconta.com.br\/es\/mapa-do-site\/\" \/>\n<meta property=\"og:site_name\" content=\"TaxConta\" \/>\n<meta property=\"article:modified_time\" content=\"2023-11-17T19:09:05+00:00\" \/>\n<meta name=\"twitter:card\" content=\"summary_large_image\" \/>\n<meta name=\"twitter:label1\" content=\"Tiempo de lectura\" \/>\n\t<meta name=\"twitter:data1\" content=\"1 minuto\" \/>\n<script type=\"application\/ld+json\" class=\"yoast-schema-graph\">{\"@context\":\"https:\/\/schema.org\",\"@graph\":[{\"@type\":\"WebPage\",\"@id\":\"https:\/\/taxconta.com.br\/mapa-do-site\/\",\"url\":\"https:\/\/taxconta.com.br\/mapa-do-site\/\",\"name\":\"Mapa do site - TaxConta\",\"isPartOf\":{\"@id\":\"https:\/\/taxconta.com.br\/#website\"},\"datePublished\":\"2023-11-17T19:03:28+00:00\",\"dateModified\":\"2023-11-17T19:09:05+00:00\",\"breadcrumb\":{\"@id\":\"https:\/\/taxconta.com.br\/mapa-do-site\/#breadcrumb\"},\"inLanguage\":\"es\",\"potentialAction\":[{\"@type\":\"ReadAction\",\"target\":[\"https:\/\/taxconta.com.br\/mapa-do-site\/\"]}]},{\"@type\":\"BreadcrumbList\",\"@id\":\"https:\/\/taxconta.com.br\/mapa-do-site\/#breadcrumb\",\"itemListElement\":[{\"@type\":\"ListItem\",\"position\":1,\"name\":\"In\u00edcio\",\"item\":\"https:\/\/taxconta.com.br\/\"},{\"@type\":\"ListItem\",\"position\":2,\"name\":\"Mapa do site\"}]},{\"@type\":\"WebSite\",\"@id\":\"https:\/\/taxconta.com.br\/#website\",\"url\":\"https:\/\/taxconta.com.br\/\",\"name\":\"TaxConta - Consultoria cont\u00e1bil\",\"description\":\"Nossa empresa \u00e9 formada por profissionais com amplo conhecimento na \u00e1rea de gest\u00e3o e consultoria cont\u00e1bil, tribut\u00e1ria e trabalhista.\",\"alternateName\":\"TaxConta - Consultoria cont\u00e1bil, tribut\u00e1ria e trabalhista\",\"potentialAction\":[{\"@type\":\"SearchAction\",\"target\":{\"@type\":\"EntryPoint\",\"urlTemplate\":\"https:\/\/taxconta.com.br\/?s={search_term_string}\"},\"query-input\":\"required name=search_term_string\"}],\"inLanguage\":\"es\"}]}<\/script>\n<!-- \/ Yoast SEO Premium plugin. -->","yoast_head_json":{"title":"Mapa do site - TaxConta","robots":{"index":"index","follow":"follow","max-snippet":"max-snippet:-1","max-image-preview":"max-image-preview:large","max-video-preview":"max-video-preview:-1"},"canonical":"https:\/\/taxconta.com.br\/es\/mapa-do-site\/","og_locale":"es_ES","og_type":"article","og_title":"Mapa do site","og_description":"Mapa do site","og_url":"https:\/\/taxconta.com.br\/es\/mapa-do-site\/","og_site_name":"TaxConta","article_modified_time":"2023-11-17T19:09:05+00:00","twitter_card":"summary_large_image","twitter_misc":{"Tiempo de lectura":"1 minuto"},"schema":{"@context":"https:\/\/schema.org","@graph":[{"@type":"WebPage","@id":"https:\/\/taxconta.com.br\/mapa-do-site\/","url":"https:\/\/taxconta.com.br\/mapa-do-site\/","name":"Mapa do site - TaxConta","isPartOf":{"@id":"https:\/\/taxconta.com.br\/#website"},"datePublished":"2023-11-17T19:03:28+00:00","dateModified":"2023-11-17T19:09:05+00:00","breadcrumb":{"@id":"https:\/\/taxconta.com.br\/mapa-do-site\/#breadcrumb"},"inLanguage":"es","potentialAction":[{"@type":"ReadAction","target":["https:\/\/taxconta.com.br\/mapa-do-site\/"]}]},{"@type":"BreadcrumbList","@id":"https:\/\/taxconta.com.br\/mapa-do-site\/#breadcrumb","itemListElement":[{"@type":"ListItem","position":1,"name":"In\u00edcio","item":"https:\/\/taxconta.com.br\/"},{"@type":"ListItem","position":2,"name":"Mapa do site"}]},{"@type":"WebSite","@id":"https:\/\/taxconta.com.br\/#website","url":"https:\/\/taxconta.com.br\/","name":"TaxConta - Consultoria cont\u00e1bil","description":"Nossa empresa \u00e9 formada por profissionais com amplo conhecimento na \u00e1rea de gest\u00e3o e consultoria cont\u00e1bil, tribut\u00e1ria e trabalhista.","alternateName":"TaxConta - Consultoria cont\u00e1bil, tribut\u00e1ria e trabalhista","potentialAction":[{"@type":"SearchAction","target":{"@type":"EntryPoint","urlTemplate":"https:\/\/taxconta.com.br\/?s={search_term_string}"},"query-input":"required name=search_term_string"}],"inLanguage":"es"}]}},"_links":{"self":[{"href":"https:\/\/taxconta.com.br\/es\/wp-json\/wp\/v2\/pages\/1022","targetHints":{"allow":["GET"]}}],"collection":[{"href":"https:\/\/taxconta.com.br\/es\/wp-json\/wp\/v2\/pages"}],"about":[{"href":"https:\/\/taxconta.com.br\/es\/wp-json\/wp\/v2\/types\/page"}],"author":[{"embeddable":true,"href":"https:\/\/taxconta.com.br\/es\/wp-json\/wp\/v2\/users\/1"}],"replies":[{"embeddable":true,"href":"https:\/\/taxconta.com.br\/es\/wp-json\/wp\/v2\/comments?post=1022"}],"version-history":[{"count":4,"href":"https:\/\/taxconta.com.br\/es\/wp-json\/wp\/v2\/pages\/1022\/revisions"}],"predecessor-version":[{"id":1028,"href":"https:\/\/taxconta.com.br\/es\/wp-json\/wp\/v2\/pages\/1022\/revisions\/1028"}],"wp:attachment":[{"href":"https:\/\/taxconta.com.br\/es\/wp-json\/wp\/v2\/media?parent=1022"}],"curies":[{"name":"wp","href":"https:\/\/api.w.org\/{rel}","templated":true}]}}