{"id":1416,"date":"2024-12-16T11:25:04","date_gmt":"2024-12-16T14:25:04","guid":{"rendered":"https:\/\/taxconta.com.br\/?page_id=1416"},"modified":"2024-12-16T11:34:08","modified_gmt":"2024-12-16T14:34:08","slug":"obrigado","status":"publish","type":"page","link":"https:\/\/taxconta.com.br\/es\/obrigado\/","title":{"rendered":"Obrigado"},"content":{"rendered":"<div data-elementor-type=\"wp-page\" data-elementor-id=\"1416\" class=\"elementor elementor-1416\">\n\t\t\t\t\t\t\t\t\t<section class=\"elementor-section elementor-top-section elementor-element elementor-element-71466e9 elementor-section-height-min-height elementor-section-boxed elementor-section-height-default elementor-section-items-middle\" data-id=\"71466e9\" data-element_type=\"section\" data-settings=\"{&quot;background_background&quot;:&quot;classic&quot;}\">\n\t\t\t\t\t\t\t<div class=\"elementor-background-overlay\"><\/div>\n\t\t\t\t\t\t\t<div class=\"elementor-container elementor-column-gap-default\">\n\t\t\t\t\t<div class=\"elementor-column elementor-col-100 elementor-top-column elementor-element elementor-element-8debf27\" data-id=\"8debf27\" data-element_type=\"column\">\n\t\t\t<div class=\"elementor-widget-wrap elementor-element-populated\">\n\t\t\t\t\t\t\t\t<div class=\"elementor-element elementor-element-bb0bd62 elementor-widget elementor-widget-image\" data-id=\"bb0bd62\" data-element_type=\"widget\" data-widget_type=\"image.default\">\n\t\t\t\t<div class=\"elementor-widget-container\">\n\t\t\t<style>\/*! elementor - v3.14.0 - 26-06-2023 *\/\n.elementor-widget-image{text-align:center}.elementor-widget-image a{display:inline-block}.elementor-widget-image a img[src$=\".svg\"]{width:48px}.elementor-widget-image img{vertical-align:middle;display:inline-block}<\/style>\t\t\t\t\t\t\t\t\t\t\t\t<img decoding=\"async\" width=\"800\" height=\"260\" src=\"https:\/\/taxconta.com.br\/wp-content\/uploads\/2023\/07\/TAXCONTA_LOGO-1024x333.png\" class=\"attachment-large size-large wp-image-197\" alt=\"TaxConta\" srcset=\"https:\/\/taxconta.com.br\/wp-content\/uploads\/2023\/07\/TAXCONTA_LOGO-1024x333.png 1024w, https:\/\/taxconta.com.br\/wp-content\/uploads\/2023\/07\/TAXCONTA_LOGO-300x97.png 300w, https:\/\/taxconta.com.br\/wp-content\/uploads\/2023\/07\/TAXCONTA_LOGO-768x250.png 768w, https:\/\/taxconta.com.br\/wp-content\/uploads\/2023\/07\/TAXCONTA_LOGO-1536x499.png 1536w, https:\/\/taxconta.com.br\/wp-content\/uploads\/2023\/07\/TAXCONTA_LOGO.png 1773w\" sizes=\"(max-width: 800px) 100vw, 800px\" \/>\t\t\t\t\t\t\t\t\t\t\t\t\t\t\t<\/div>\n\t\t\t\t<\/div>\n\t\t\t\t<div class=\"elementor-element elementor-element-bba7d57 elementor-widget elementor-widget-heading\" data-id=\"bba7d57\" data-element_type=\"widget\" data-widget_type=\"heading.default\">\n\t\t\t\t<div class=\"elementor-widget-container\">\n\t\t\t<style>\/*! elementor - v3.14.0 - 26-06-2023 *\/\n.elementor-heading-title{padding:0;margin:0;line-height:1}.elementor-widget-heading .elementor-heading-title[class*=elementor-size-]>a{color:inherit;font-size:inherit;line-height:inherit}.elementor-widget-heading .elementor-heading-title.elementor-size-small{font-size:15px}.elementor-widget-heading .elementor-heading-title.elementor-size-medium{font-size:19px}.elementor-widget-heading .elementor-heading-title.elementor-size-large{font-size:29px}.elementor-widget-heading .elementor-heading-title.elementor-size-xl{font-size:39px}.elementor-widget-heading .elementor-heading-title.elementor-size-xxl{font-size:59px}<\/style><h2 class=\"elementor-heading-title elementor-size-default\">Obrigado por enviar seu pedido<\/h2>\t\t<\/div>\n\t\t\t\t<\/div>\n\t\t\t\t<div class=\"elementor-element elementor-element-a7da8ab elementor-widget elementor-widget-heading\" data-id=\"a7da8ab\" data-element_type=\"widget\" data-widget_type=\"heading.default\">\n\t\t\t\t<div class=\"elementor-widget-container\">\n\t\t\t<h2 class=\"elementor-heading-title elementor-size-default\">Entraremos em contato o mais breve poss\u00edvel. <\/h2>\t\t<\/div>\n\t\t\t\t<\/div>\n\t\t\t\t\t<\/div>\n\t\t<\/div>\n\t\t\t\t\t\t\t<\/div>\n\t\t<\/section>\n\t\t\t\t\t\t\t<\/div>","protected":false},"excerpt":{"rendered":"<p>Obrigado por enviar seu pedido Entraremos em contato o mais breve poss\u00edvel.<\/p>","protected":false},"author":1,"featured_media":0,"parent":0,"menu_order":0,"comment_status":"closed","ping_status":"closed","template":"elementor_canvas","meta":{"footnotes":""},"class_list":["post-1416","page","type-page","status-publish","hentry"],"yoast_head":"<!-- This site is optimized with the Yoast SEO Premium plugin v21.1 (Yoast SEO v21.2) - https:\/\/yoast.com\/wordpress\/plugins\/seo\/ -->\n<title>Obrigado - TaxConta<\/title>\n<meta name=\"robots\" content=\"index, follow, max-snippet:-1, max-image-preview:large, max-video-preview:-1\" \/>\n<link rel=\"canonical\" href=\"https:\/\/taxconta.com.br\/es\/obrigado\/\" \/>\n<meta property=\"og:locale\" content=\"es_ES\" \/>\n<meta property=\"og:type\" content=\"article\" \/>\n<meta property=\"og:title\" content=\"Obrigado\" \/>\n<meta property=\"og:description\" content=\"Obrigado por enviar seu pedido Entraremos em contato o mais breve poss\u00edvel.\" \/>\n<meta property=\"og:url\" content=\"https:\/\/taxconta.com.br\/es\/obrigado\/\" \/>\n<meta property=\"og:site_name\" content=\"TaxConta\" \/>\n<meta property=\"article:modified_time\" content=\"2024-12-16T14:34:08+00:00\" \/>\n<meta property=\"og:image\" content=\"https:\/\/taxconta.com.br\/wp-content\/uploads\/2023\/07\/TAXCONTA_LOGO-1024x333.png\" \/>\n<meta name=\"twitter:card\" content=\"summary_large_image\" \/>\n<meta name=\"twitter:label1\" content=\"Tiempo de lectura\" \/>\n\t<meta name=\"twitter:data1\" content=\"1 minuto\" \/>\n<script type=\"application\/ld+json\" class=\"yoast-schema-graph\">{\"@context\":\"https:\/\/schema.org\",\"@graph\":[{\"@type\":\"WebPage\",\"@id\":\"https:\/\/taxconta.com.br\/obrigado\/\",\"url\":\"https:\/\/taxconta.com.br\/obrigado\/\",\"name\":\"Obrigado - TaxConta\",\"isPartOf\":{\"@id\":\"https:\/\/taxconta.com.br\/#website\"},\"datePublished\":\"2024-12-16T14:25:04+00:00\",\"dateModified\":\"2024-12-16T14:34:08+00:00\",\"breadcrumb\":{\"@id\":\"https:\/\/taxconta.com.br\/obrigado\/#breadcrumb\"},\"inLanguage\":\"es\",\"potentialAction\":[{\"@type\":\"ReadAction\",\"target\":[\"https:\/\/taxconta.com.br\/obrigado\/\"]}]},{\"@type\":\"BreadcrumbList\",\"@id\":\"https:\/\/taxconta.com.br\/obrigado\/#breadcrumb\",\"itemListElement\":[{\"@type\":\"ListItem\",\"position\":1,\"name\":\"In\u00edcio\",\"item\":\"https:\/\/taxconta.com.br\/\"},{\"@type\":\"ListItem\",\"position\":2,\"name\":\"Obrigado\"}]},{\"@type\":\"WebSite\",\"@id\":\"https:\/\/taxconta.com.br\/#website\",\"url\":\"https:\/\/taxconta.com.br\/\",\"name\":\"TaxConta - Consultoria cont\u00e1bil\",\"description\":\"Nossa empresa \u00e9 formada por profissionais com amplo conhecimento na \u00e1rea de gest\u00e3o e consultoria cont\u00e1bil, tribut\u00e1ria e trabalhista.\",\"alternateName\":\"TaxConta - Consultoria cont\u00e1bil, tribut\u00e1ria e trabalhista\",\"potentialAction\":[{\"@type\":\"SearchAction\",\"target\":{\"@type\":\"EntryPoint\",\"urlTemplate\":\"https:\/\/taxconta.com.br\/?s={search_term_string}\"},\"query-input\":\"required name=search_term_string\"}],\"inLanguage\":\"es\"}]}<\/script>\n<!-- \/ Yoast SEO Premium plugin. -->","yoast_head_json":{"title":"Obrigado - TaxConta","robots":{"index":"index","follow":"follow","max-snippet":"max-snippet:-1","max-image-preview":"max-image-preview:large","max-video-preview":"max-video-preview:-1"},"canonical":"https:\/\/taxconta.com.br\/es\/obrigado\/","og_locale":"es_ES","og_type":"article","og_title":"Obrigado","og_description":"Obrigado por enviar seu pedido Entraremos em contato o mais breve poss\u00edvel.","og_url":"https:\/\/taxconta.com.br\/es\/obrigado\/","og_site_name":"TaxConta","article_modified_time":"2024-12-16T14:34:08+00:00","og_image":[{"url":"https:\/\/taxconta.com.br\/wp-content\/uploads\/2023\/07\/TAXCONTA_LOGO-1024x333.png"}],"twitter_card":"summary_large_image","twitter_misc":{"Tiempo de lectura":"1 minuto"},"schema":{"@context":"https:\/\/schema.org","@graph":[{"@type":"WebPage","@id":"https:\/\/taxconta.com.br\/obrigado\/","url":"https:\/\/taxconta.com.br\/obrigado\/","name":"Obrigado - TaxConta","isPartOf":{"@id":"https:\/\/taxconta.com.br\/#website"},"datePublished":"2024-12-16T14:25:04+00:00","dateModified":"2024-12-16T14:34:08+00:00","breadcrumb":{"@id":"https:\/\/taxconta.com.br\/obrigado\/#breadcrumb"},"inLanguage":"es","potentialAction":[{"@type":"ReadAction","target":["https:\/\/taxconta.com.br\/obrigado\/"]}]},{"@type":"BreadcrumbList","@id":"https:\/\/taxconta.com.br\/obrigado\/#breadcrumb","itemListElement":[{"@type":"ListItem","position":1,"name":"In\u00edcio","item":"https:\/\/taxconta.com.br\/"},{"@type":"ListItem","position":2,"name":"Obrigado"}]},{"@type":"WebSite","@id":"https:\/\/taxconta.com.br\/#website","url":"https:\/\/taxconta.com.br\/","name":"TaxConta - Consultoria cont\u00e1bil","description":"Nossa empresa \u00e9 formada por profissionais com amplo conhecimento na \u00e1rea de gest\u00e3o e consultoria cont\u00e1bil, tribut\u00e1ria e trabalhista.","alternateName":"TaxConta - Consultoria cont\u00e1bil, tribut\u00e1ria e trabalhista","potentialAction":[{"@type":"SearchAction","target":{"@type":"EntryPoint","urlTemplate":"https:\/\/taxconta.com.br\/?s={search_term_string}"},"query-input":"required name=search_term_string"}],"inLanguage":"es"}]}},"_links":{"self":[{"href":"https:\/\/taxconta.com.br\/es\/wp-json\/wp\/v2\/pages\/1416","targetHints":{"allow":["GET"]}}],"collection":[{"href":"https:\/\/taxconta.com.br\/es\/wp-json\/wp\/v2\/pages"}],"about":[{"href":"https:\/\/taxconta.com.br\/es\/wp-json\/wp\/v2\/types\/page"}],"author":[{"embeddable":true,"href":"https:\/\/taxconta.com.br\/es\/wp-json\/wp\/v2\/users\/1"}],"replies":[{"embeddable":true,"href":"https:\/\/taxconta.com.br\/es\/wp-json\/wp\/v2\/comments?post=1416"}],"version-history":[{"count":7,"href":"https:\/\/taxconta.com.br\/es\/wp-json\/wp\/v2\/pages\/1416\/revisions"}],"predecessor-version":[{"id":1434,"href":"https:\/\/taxconta.com.br\/es\/wp-json\/wp\/v2\/pages\/1416\/revisions\/1434"}],"wp:attachment":[{"href":"https:\/\/taxconta.com.br\/es\/wp-json\/wp\/v2\/media?parent=1416"}],"curies":[{"name":"wp","href":"https:\/\/api.w.org\/{rel}","templated":true}]}}