{"id":556,"date":"2023-08-08T10:04:27","date_gmt":"2023-08-08T13:04:27","guid":{"rendered":"https:\/\/taxconta.com.br\/?page_id=556"},"modified":"2023-08-08T10:08:13","modified_gmt":"2023-08-08T13:08:13","slug":"consultoria-e-auditoria","status":"publish","type":"page","link":"https:\/\/taxconta.com.br\/es\/consultoria-e-auditoria\/","title":{"rendered":"Consultor\u00eda y Auditor\u00eda"},"content":{"rendered":"<div data-elementor-type=\"wp-page\" data-elementor-id=\"556\" class=\"elementor elementor-556\">\n\t\t\t\t\t\t\t\t\t<section class=\"elementor-section elementor-top-section elementor-element elementor-element-859e167 elementor-section-boxed elementor-section-height-default elementor-section-height-default\" data-id=\"859e167\" data-element_type=\"section\" data-settings=\"{&quot;background_background&quot;:&quot;classic&quot;}\">\n\t\t\t\t\t\t<div class=\"elementor-container elementor-column-gap-default\">\n\t\t\t\t\t<div class=\"elementor-column elementor-col-50 elementor-top-column elementor-element elementor-element-cc7e50d\" data-id=\"cc7e50d\" data-element_type=\"column\">\n\t\t\t<div class=\"elementor-widget-wrap elementor-element-populated\">\n\t\t\t\t\t\t\t\t<div class=\"elementor-element elementor-element-891d8fc elementor-widget elementor-widget-heading\" data-id=\"891d8fc\" data-element_type=\"widget\" data-widget_type=\"heading.default\">\n\t\t\t\t<div class=\"elementor-widget-container\">\n\t\t\t<style>\/*! elementor - v3.14.0 - 26-06-2023 *\/\n.elementor-heading-title{padding:0;margin:0;line-height:1}.elementor-widget-heading .elementor-heading-title[class*=elementor-size-]>a{color:inherit;font-size:inherit;line-height:inherit}.elementor-widget-heading .elementor-heading-title.elementor-size-small{font-size:15px}.elementor-widget-heading .elementor-heading-title.elementor-size-medium{font-size:19px}.elementor-widget-heading .elementor-heading-title.elementor-size-large{font-size:29px}.elementor-widget-heading .elementor-heading-title.elementor-size-xl{font-size:39px}.elementor-widget-heading .elementor-heading-title.elementor-size-xxl{font-size:59px}<\/style><h2 class=\"elementor-heading-title elementor-size-default\">Asesor\u00eda y Auditor\u00eda Fiscal y de Seguridad Social<\/h2>\t\t<\/div>\n\t\t\t\t<\/div>\n\t\t\t\t<div class=\"elementor-element elementor-element-4baa53b elementor-widget elementor-widget-text-editor\" data-id=\"4baa53b\" data-element_type=\"widget\" data-widget_type=\"text-editor.default\">\n\t\t\t\t<div class=\"elementor-widget-container\">\n\t\t\t<style>\/*! elementor - v3.14.0 - 26-06-2023 *\/\n.elementor-widget-text-editor.elementor-drop-cap-view-stacked .elementor-drop-cap{background-color:#69727d;color:#fff}.elementor-widget-text-editor.elementor-drop-cap-view-framed .elementor-drop-cap{color:#69727d;border:3px solid;background-color:transparent}.elementor-widget-text-editor:not(.elementor-drop-cap-view-default) .elementor-drop-cap{margin-top:8px}.elementor-widget-text-editor:not(.elementor-drop-cap-view-default) .elementor-drop-cap-letter{width:1em;height:1em}.elementor-widget-text-editor .elementor-drop-cap{float:left;text-align:center;line-height:1;font-size:50px}.elementor-widget-text-editor .elementor-drop-cap-letter{display:inline-block}<\/style>\t\t\t\t<p>Con un excelente servicio, ofrecemos asesor\u00eda tributaria con experiencia y agilidad en entregar recuperaci\u00f3n o planificaci\u00f3n tributaria, diagn\u00f3stico tributario, proponer ideas para reducir la carga tributaria y recaudar y monetizar cr\u00e9ditos tributarios Federales, Estatales, Municipales o del Seguro Social.<\/p><p>Utilizando tecnolog\u00eda espec\u00edfica, realizamos: auditor\u00edas tributarias, revisiones de impuestos directos e indirectos, cobro de cr\u00e9ditos fiscales, rectificaci\u00f3n de obligaciones accesorias, elaboraci\u00f3n de Per\/Dcomp, e-Credac, solicitud de reg\u00edmenes especiales como: Importaci\u00f3n, Drawback, RECOF .<\/p>\t\t\t\t\t\t<\/div>\n\t\t\t\t<\/div>\n\t\t\t\t\t<\/div>\n\t\t<\/div>\n\t\t\t\t<div class=\"elementor-column elementor-col-50 elementor-top-column elementor-element elementor-element-26a5f45\" data-id=\"26a5f45\" data-element_type=\"column\">\n\t\t\t<div class=\"elementor-widget-wrap elementor-element-populated\">\n\t\t\t\t\t\t\t\t<div class=\"elementor-element elementor-element-6e5bc9f elementor-widget elementor-widget-image\" data-id=\"6e5bc9f\" data-element_type=\"widget\" data-widget_type=\"image.default\">\n\t\t\t\t<div class=\"elementor-widget-container\">\n\t\t\t<style>\/*! elementor - v3.14.0 - 26-06-2023 *\/\n.elementor-widget-image{text-align:center}.elementor-widget-image a{display:inline-block}.elementor-widget-image a img[src$=\".svg\"]{width:48px}.elementor-widget-image img{vertical-align:middle;display:inline-block}<\/style>\t\t\t\t\t\t\t\t\t\t\t\t<img decoding=\"async\" src=\"https:\/\/taxconta.com.br\/wp-content\/uploads\/elementor\/thumbs\/image017-2-800x533-1-q9wat5kwkups9kakdned8dfi5410c15ha2gez0qtd8.jpg\" title=\"Cuenta de impuestos\" alt=\"TaxConta\" loading=\"lazy\" \/>\t\t\t\t\t\t\t\t\t\t\t\t\t\t\t<\/div>\n\t\t\t\t<\/div>\n\t\t\t\t\t<\/div>\n\t\t<\/div>\n\t\t\t\t\t\t\t<\/div>\n\t\t<\/section>\n\t\t\t\t<section class=\"elementor-section elementor-top-section elementor-element elementor-element-3b75b47 elementor-reverse-mobile elementor-section-boxed elementor-section-height-default elementor-section-height-default\" data-id=\"3b75b47\" data-element_type=\"section\" data-settings=\"{&quot;background_background&quot;:&quot;classic&quot;}\">\n\t\t\t\t\t\t<div class=\"elementor-container elementor-column-gap-default\">\n\t\t\t\t\t<div class=\"elementor-column elementor-col-50 elementor-top-column elementor-element elementor-element-d347e75\" data-id=\"d347e75\" data-element_type=\"column\">\n\t\t\t<div class=\"elementor-widget-wrap elementor-element-populated\">\n\t\t\t\t\t\t\t\t<div class=\"elementor-element elementor-element-e1247e0 elementor-widget elementor-widget-image\" data-id=\"e1247e0\" data-element_type=\"widget\" data-widget_type=\"image.default\">\n\t\t\t\t<div class=\"elementor-widget-container\">\n\t\t\t\t\t\t\t\t\t\t\t\t\t\t\t<img decoding=\"async\" src=\"https:\/\/taxconta.com.br\/wp-content\/uploads\/elementor\/thumbs\/image020-1-800x500-1-q9wataa3j0w7vm3qm7fi2u8t41dueio4yppudejui4.jpg\" title=\"Cuenta de impuestos\" alt=\"TaxConta\" loading=\"lazy\" \/>\t\t\t\t\t\t\t\t\t\t\t\t\t\t\t<\/div>\n\t\t\t\t<\/div>\n\t\t\t\t\t<\/div>\n\t\t<\/div>\n\t\t\t\t<div class=\"elementor-column elementor-col-50 elementor-top-column elementor-element elementor-element-e1f9052\" data-id=\"e1f9052\" data-element_type=\"column\">\n\t\t\t<div class=\"elementor-widget-wrap elementor-element-populated\">\n\t\t\t\t\t\t\t\t<div class=\"elementor-element elementor-element-f5ae3ef elementor-widget elementor-widget-heading\" data-id=\"f5ae3ef\" data-element_type=\"widget\" data-widget_type=\"heading.default\">\n\t\t\t\t<div class=\"elementor-widget-container\">\n\t\t\t<h2 class=\"elementor-heading-title elementor-size-default\">Auditor\u00eda Contable<\/h2>\t\t<\/div>\n\t\t\t\t<\/div>\n\t\t\t\t<div class=\"elementor-element elementor-element-9105f67 elementor-widget elementor-widget-text-editor\" data-id=\"9105f67\" data-element_type=\"widget\" data-widget_type=\"text-editor.default\">\n\t\t\t\t<div class=\"elementor-widget-container\">\n\t\t\t\t\t\t\t<p>Operamos con servicios de auditor\u00eda independientes que ofrecen beneficios para la gesti\u00f3n, mejora de procesos internos, confiabilidad de la informaci\u00f3n financiera para la toma de decisiones.<\/p><p>Utilizando nuestra metodolog\u00eda, realizamos auditor\u00edas de estados financieros independientes que entregan resultados eficientes, independientemente de su negocio, ya sea peque\u00f1o, mediano o grande, operaciones o ubicaci\u00f3n.<\/p>\t\t\t\t\t\t<\/div>\n\t\t\t\t<\/div>\n\t\t\t\t\t<\/div>\n\t\t<\/div>\n\t\t\t\t\t\t\t<\/div>\n\t\t<\/section>\n\t\t\t\t<section class=\"elementor-section elementor-top-section elementor-element elementor-element-73479cc elementor-section-boxed elementor-section-height-default elementor-section-height-default\" data-id=\"73479cc\" data-element_type=\"section\" data-settings=\"{&quot;background_background&quot;:&quot;classic&quot;}\">\n\t\t\t\t\t\t<div class=\"elementor-container elementor-column-gap-default\">\n\t\t\t\t\t<div class=\"elementor-column elementor-col-50 elementor-top-column elementor-element elementor-element-e21578b\" data-id=\"e21578b\" data-element_type=\"column\">\n\t\t\t<div class=\"elementor-widget-wrap elementor-element-populated\">\n\t\t\t\t\t\t\t\t<div class=\"elementor-element elementor-element-d2e99ab elementor-widget elementor-widget-heading\" data-id=\"d2e99ab\" data-element_type=\"widget\" data-widget_type=\"heading.default\">\n\t\t\t\t<div class=\"elementor-widget-container\">\n\t\t\t<h2 class=\"elementor-heading-title elementor-size-default\">Gesti\u00f3n de Recursos Humanos y beneficios<\/h2>\t\t<\/div>\n\t\t\t\t<\/div>\n\t\t\t\t<div class=\"elementor-element elementor-element-7985f2b elementor-widget elementor-widget-text-editor\" data-id=\"7985f2b\" data-element_type=\"widget\" data-widget_type=\"text-editor.default\">\n\t\t\t\t<div class=\"elementor-widget-container\">\n\t\t\t\t\t\t\t<p>En el \u00e1rea laboral buscamos equilibrar los costos de la empresa con lo mejor para el empleado, buscando siempre seguir los requisitos de la CLT y los convenios laborales. Operamos con actualizaciones constantes y los mejores sistemas para la zona. Orientaci\u00f3n sobre licencias, c\u00e1lculo de vacaciones y 13\u00ba salario y tambi\u00e9n gestionamos beneficios como Bono Alimentaci\u00f3n (VR) y Bono Transporte (VT), seguros de vida e incluso plan de salud.<\/p>\t\t\t\t\t\t<\/div>\n\t\t\t\t<\/div>\n\t\t\t\t\t<\/div>\n\t\t<\/div>\n\t\t\t\t<div class=\"elementor-column elementor-col-50 elementor-top-column elementor-element elementor-element-46f3cb9\" data-id=\"46f3cb9\" data-element_type=\"column\">\n\t\t\t<div class=\"elementor-widget-wrap elementor-element-populated\">\n\t\t\t\t\t\t\t\t<div class=\"elementor-element elementor-element-3206d28 elementor-widget elementor-widget-image\" data-id=\"3206d28\" data-element_type=\"widget\" data-widget_type=\"image.default\">\n\t\t\t\t<div class=\"elementor-widget-container\">\n\t\t\t\t\t\t\t\t\t\t\t\t\t\t\t<img decoding=\"async\" src=\"https:\/\/taxconta.com.br\/wp-content\/uploads\/elementor\/thumbs\/image04-800x533-1-q9wasplnco3ws6xryyhpjzgo1k7rp6e1jvd5tbeib0.jpg\" title=\"Cuenta de impuestos\" alt=\"TaxConta\" loading=\"lazy\" \/>\t\t\t\t\t\t\t\t\t\t\t\t\t\t\t<\/div>\n\t\t\t\t<\/div>\n\t\t\t\t\t<\/div>\n\t\t<\/div>\n\t\t\t\t\t\t\t<\/div>\n\t\t<\/section>\n\t\t\t\t<section class=\"elementor-section elementor-top-section elementor-element elementor-element-56b27a6 elementor-reverse-mobile elementor-section-boxed elementor-section-height-default elementor-section-height-default\" data-id=\"56b27a6\" data-element_type=\"section\" data-settings=\"{&quot;background_background&quot;:&quot;classic&quot;}\">\n\t\t\t\t\t\t<div class=\"elementor-container elementor-column-gap-default\">\n\t\t\t\t\t<div class=\"elementor-column elementor-col-50 elementor-top-column elementor-element elementor-element-aef4870\" data-id=\"aef4870\" data-element_type=\"column\">\n\t\t\t<div class=\"elementor-widget-wrap elementor-element-populated\">\n\t\t\t\t\t\t\t\t<div class=\"elementor-element elementor-element-450de4c elementor-widget elementor-widget-image\" data-id=\"450de4c\" data-element_type=\"widget\" data-widget_type=\"image.default\">\n\t\t\t\t<div class=\"elementor-widget-container\">\n\t\t\t\t\t\t\t\t\t\t\t\t\t\t\t<img decoding=\"async\" src=\"https:\/\/taxconta.com.br\/wp-content\/uploads\/elementor\/thumbs\/st_about_accordian-q9pgvri4tj3af8c5yq102hu48t9k3hsxdun3mrr7sc.jpg\" title=\"Cuenta de impuestos\" alt=\"TaxConta\" loading=\"lazy\" \/>\t\t\t\t\t\t\t\t\t\t\t\t\t\t\t<\/div>\n\t\t\t\t<\/div>\n\t\t\t\t\t<\/div>\n\t\t<\/div>\n\t\t\t\t<div class=\"elementor-column elementor-col-50 elementor-top-column elementor-element elementor-element-15afaa0\" data-id=\"15afaa0\" data-element_type=\"column\">\n\t\t\t<div class=\"elementor-widget-wrap elementor-element-populated\">\n\t\t\t\t\t\t\t\t<div class=\"elementor-element elementor-element-70cb541 elementor-widget elementor-widget-heading\" data-id=\"70cb541\" data-element_type=\"widget\" data-widget_type=\"heading.default\">\n\t\t\t\t<div class=\"elementor-widget-container\">\n\t\t\t<h2 class=\"elementor-heading-title elementor-size-default\">Marcas y patentes<\/h2>\t\t<\/div>\n\t\t\t\t<\/div>\n\t\t\t\t<div class=\"elementor-element elementor-element-54a5dec elementor-widget elementor-widget-text-editor\" data-id=\"54a5dec\" data-element_type=\"widget\" data-widget_type=\"text-editor.default\">\n\t\t\t\t<div class=\"elementor-widget-container\">\n\t\t\t\t\t\t\t<p>Para apoyar el registro de su marca, brindamos asistencia para el registro ante el INPI (Instituto Nacional de la Propiedad Industrial) realizada por profesionales experimentados. As\u00ed, toda la informaci\u00f3n transmitida tras el an\u00e1lisis tiene como objetivo guiarte como emprendedor a tomar la mejor decisi\u00f3n, ya que se plantean todos los puntos relacionados con la solicitud de registro de tu marca, est\u00e9 o no libre de registro.<\/p>\t\t\t\t\t\t<\/div>\n\t\t\t\t<\/div>\n\t\t\t\t\t<\/div>\n\t\t<\/div>\n\t\t\t\t\t\t\t<\/div>\n\t\t<\/section>\n\t\t\t\t<section class=\"elementor-section elementor-top-section elementor-element elementor-element-33858e1 elementor-section-boxed elementor-section-height-default elementor-section-height-default\" data-id=\"33858e1\" data-element_type=\"section\" data-settings=\"{&quot;background_background&quot;:&quot;classic&quot;}\">\n\t\t\t\t\t\t<div class=\"elementor-container elementor-column-gap-default\">\n\t\t\t\t\t<div class=\"elementor-column elementor-col-100 elementor-top-column elementor-element elementor-element-7ab9e49\" data-id=\"7ab9e49\" data-element_type=\"column\">\n\t\t\t<div class=\"elementor-widget-wrap elementor-element-populated\">\n\t\t\t\t\t\t\t\t<section class=\"elementor-section elementor-inner-section elementor-element elementor-element-1b02f43 elementor-section-full_width elementor-section-height-default elementor-section-height-default\" data-id=\"1b02f43\" data-element_type=\"section\" data-settings=\"{&quot;background_background&quot;:&quot;classic&quot;}\">\n\t\t\t\t\t\t<div class=\"elementor-container elementor-column-gap-default\">\n\t\t\t\t\t<div class=\"elementor-column elementor-col-50 elementor-inner-column elementor-element elementor-element-68894a4\" data-id=\"68894a4\" data-element_type=\"column\">\n\t\t\t<div class=\"elementor-widget-wrap elementor-element-populated\">\n\t\t\t\t\t\t\t\t<div class=\"elementor-element elementor-element-4740643 elementor-widget elementor-widget-elementskit-heading\" data-id=\"4740643\" data-element_type=\"widget\" data-widget_type=\"elementskit-heading.default\">\n\t\t\t\t<div class=\"elementor-widget-container\">\n\t\t\t<div class=\"ekit-wid-con\" ><div class=\"ekit-heading elementskit-section-title-wraper text_left   ekit_heading_tablet-   ekit_heading_mobile-text_center\"><h2 class=\"ekit-heading--title elementskit-section-title\">Necesito hablar con <span><span>\u00bfun experto?<\/span><\/span><\/h2>\t\t\t\t<div class='ekit-heading__description'>\n\t\t\t\t\t<p>\u00a1Ponte en contacto mediante el bot\u00f3n lateral y recibe r\u00e1pidamente tu presupuesto personalizado, con los mejores plazos del mercado!<\/p>\n\t\t\t\t<\/div>\n\t\t\t<\/div><\/div>\t\t<\/div>\n\t\t\t\t<\/div>\n\t\t\t\t\t<\/div>\n\t\t<\/div>\n\t\t\t\t<div class=\"elementor-column elementor-col-50 elementor-inner-column elementor-element elementor-element-4d43438\" data-id=\"4d43438\" data-element_type=\"column\">\n\t\t\t<div class=\"elementor-widget-wrap elementor-element-populated\">\n\t\t\t\t\t\t\t\t<div class=\"elementor-element elementor-element-7c74f9c elementor-widget elementor-widget-elementskit-button\" data-id=\"7c74f9c\" data-element_type=\"widget\" data-widget_type=\"elementskit-button.default\">\n\t\t\t\t<div class=\"elementor-widget-container\">\n\t\t\t<div class=\"ekit-wid-con\" >\t\t<div class=\"ekit-btn-wraper\">\n\t\t\t\t\t\t\t<a href=\"https:\/\/wa.me\/5511918787628?text=Ol%C3%A1%2C+estou+no+site+e+gostaria+de+mais+informa%C3%A7%C3%B5es.\" target=\"_blank\" class=\"elementskit-btn  whitespace--normal\" >\n\t\t\t\t\tServicio en l\u00ednea\n\t\t\t\t\t<i aria-hidden=\"true\" class=\"fab fa-whatsapp\"><\/i>\n\t\t\t\t<\/a>\n\t\t\t\t\t\t<\/div>\n        <\/div>\t\t<\/div>\n\t\t\t\t<\/div>\n\t\t\t\t\t<\/div>\n\t\t<\/div>\n\t\t\t\t\t\t\t<\/div>\n\t\t<\/section>\n\t\t\t\t\t<\/div>\n\t\t<\/div>\n\t\t\t\t\t\t\t<\/div>\n\t\t<\/section>\n\t\t\t\t\t\t\t<\/div>","protected":false},"excerpt":{"rendered":"<p>Consultoria e Auditoria Tribut\u00e1ria e Previdenci\u00e1ria Com excel\u00eancia no atendimento oferecemos a consultoria tribut\u00e1ria com expertise e agilidade nas entregas de recupera\u00e7\u00e3o de impostos ou planejamento tribut\u00e1rio, diagn\u00f3stico fiscal, proposi\u00e7\u00e3o de ideias de redu\u00e7\u00e3o da carga tribut\u00e1ria e levantamento e monetiza\u00e7\u00e3o de cr\u00e9ditos tribut\u00e1rios Federais, Estaduais, Municipais ou Previdenci\u00e1rios. Atrav\u00e9s de tecnologia espec\u00edfica realizamos: auditoria [&hellip;]<\/p>","protected":false},"author":1,"featured_media":0,"parent":0,"menu_order":0,"comment_status":"closed","ping_status":"closed","template":"","meta":{"footnotes":""},"class_list":["post-556","page","type-page","status-publish","hentry"],"yoast_head":"<!-- This site is optimized with the Yoast SEO Premium plugin v21.1 (Yoast SEO v21.2) - https:\/\/yoast.com\/wordpress\/plugins\/seo\/ -->\n<title>Consultoria e Auditoria - TaxConta<\/title>\n<meta name=\"robots\" content=\"index, follow, max-snippet:-1, max-image-preview:large, max-video-preview:-1\" \/>\n<link rel=\"canonical\" href=\"https:\/\/taxconta.com.br\/es\/consultoria-e-auditoria\/\" \/>\n<meta property=\"og:locale\" content=\"es_ES\" \/>\n<meta property=\"og:type\" content=\"article\" \/>\n<meta property=\"og:title\" content=\"Consultoria e Auditoria\" \/>\n<meta property=\"og:description\" content=\"Consultoria e Auditoria Tribut\u00e1ria e Previdenci\u00e1ria Com excel\u00eancia no atendimento oferecemos a consultoria tribut\u00e1ria com expertise e agilidade nas entregas de recupera\u00e7\u00e3o de impostos ou planejamento tribut\u00e1rio, diagn\u00f3stico fiscal, proposi\u00e7\u00e3o de ideias de redu\u00e7\u00e3o da carga tribut\u00e1ria e levantamento e monetiza\u00e7\u00e3o de cr\u00e9ditos tribut\u00e1rios Federais, Estaduais, Municipais ou Previdenci\u00e1rios. Atrav\u00e9s de tecnologia espec\u00edfica realizamos: auditoria [&hellip;]\" \/>\n<meta property=\"og:url\" content=\"https:\/\/taxconta.com.br\/es\/consultoria-e-auditoria\/\" \/>\n<meta property=\"og:site_name\" content=\"TaxConta\" \/>\n<meta property=\"article:modified_time\" content=\"2023-08-08T13:08:13+00:00\" \/>\n<meta property=\"og:image\" content=\"https:\/\/taxconta.com.br\/wp-content\/uploads\/elementor\/thumbs\/image017-2-800x533-1-q9wat5kwkups9kakdned8dfi5410c15ha2gez0qtd8.jpg\" \/>\n<meta name=\"twitter:card\" content=\"summary_large_image\" \/>\n<meta name=\"twitter:label1\" content=\"Tiempo de lectura\" \/>\n\t<meta name=\"twitter:data1\" content=\"3 minutos\" \/>\n<script type=\"application\/ld+json\" class=\"yoast-schema-graph\">{\"@context\":\"https:\/\/schema.org\",\"@graph\":[{\"@type\":\"WebPage\",\"@id\":\"https:\/\/taxconta.com.br\/consultoria-e-auditoria\/\",\"url\":\"https:\/\/taxconta.com.br\/consultoria-e-auditoria\/\",\"name\":\"Consultoria e Auditoria - TaxConta\",\"isPartOf\":{\"@id\":\"https:\/\/taxconta.com.br\/#website\"},\"datePublished\":\"2023-08-08T13:04:27+00:00\",\"dateModified\":\"2023-08-08T13:08:13+00:00\",\"breadcrumb\":{\"@id\":\"https:\/\/taxconta.com.br\/consultoria-e-auditoria\/#breadcrumb\"},\"inLanguage\":\"es\",\"potentialAction\":[{\"@type\":\"ReadAction\",\"target\":[\"https:\/\/taxconta.com.br\/consultoria-e-auditoria\/\"]}]},{\"@type\":\"BreadcrumbList\",\"@id\":\"https:\/\/taxconta.com.br\/consultoria-e-auditoria\/#breadcrumb\",\"itemListElement\":[{\"@type\":\"ListItem\",\"position\":1,\"name\":\"In\u00edcio\",\"item\":\"https:\/\/taxconta.com.br\/\"},{\"@type\":\"ListItem\",\"position\":2,\"name\":\"Consultoria e Auditoria\"}]},{\"@type\":\"WebSite\",\"@id\":\"https:\/\/taxconta.com.br\/#website\",\"url\":\"https:\/\/taxconta.com.br\/\",\"name\":\"TaxConta - Consultoria cont\u00e1bil\",\"description\":\"Nossa empresa \u00e9 formada por profissionais com amplo conhecimento na \u00e1rea de gest\u00e3o e consultoria cont\u00e1bil, tribut\u00e1ria e trabalhista.\",\"alternateName\":\"TaxConta - Consultoria cont\u00e1bil, tribut\u00e1ria e trabalhista\",\"potentialAction\":[{\"@type\":\"SearchAction\",\"target\":{\"@type\":\"EntryPoint\",\"urlTemplate\":\"https:\/\/taxconta.com.br\/?s={search_term_string}\"},\"query-input\":\"required name=search_term_string\"}],\"inLanguage\":\"es\"}]}<\/script>\n<!-- \/ Yoast SEO Premium plugin. -->","yoast_head_json":{"title":"Consultoria e Auditoria - TaxConta","robots":{"index":"index","follow":"follow","max-snippet":"max-snippet:-1","max-image-preview":"max-image-preview:large","max-video-preview":"max-video-preview:-1"},"canonical":"https:\/\/taxconta.com.br\/es\/consultoria-e-auditoria\/","og_locale":"es_ES","og_type":"article","og_title":"Consultoria e Auditoria","og_description":"Consultoria e Auditoria Tribut\u00e1ria e Previdenci\u00e1ria Com excel\u00eancia no atendimento oferecemos a consultoria tribut\u00e1ria com expertise e agilidade nas entregas de recupera\u00e7\u00e3o de impostos ou planejamento tribut\u00e1rio, diagn\u00f3stico fiscal, proposi\u00e7\u00e3o de ideias de redu\u00e7\u00e3o da carga tribut\u00e1ria e levantamento e monetiza\u00e7\u00e3o de cr\u00e9ditos tribut\u00e1rios Federais, Estaduais, Municipais ou Previdenci\u00e1rios. Atrav\u00e9s de tecnologia espec\u00edfica realizamos: auditoria [&hellip;]","og_url":"https:\/\/taxconta.com.br\/es\/consultoria-e-auditoria\/","og_site_name":"TaxConta","article_modified_time":"2023-08-08T13:08:13+00:00","og_image":[{"url":"https:\/\/taxconta.com.br\/wp-content\/uploads\/elementor\/thumbs\/image017-2-800x533-1-q9wat5kwkups9kakdned8dfi5410c15ha2gez0qtd8.jpg"}],"twitter_card":"summary_large_image","twitter_misc":{"Tiempo de lectura":"3 minutos"},"schema":{"@context":"https:\/\/schema.org","@graph":[{"@type":"WebPage","@id":"https:\/\/taxconta.com.br\/consultoria-e-auditoria\/","url":"https:\/\/taxconta.com.br\/consultoria-e-auditoria\/","name":"Consultoria e Auditoria - TaxConta","isPartOf":{"@id":"https:\/\/taxconta.com.br\/#website"},"datePublished":"2023-08-08T13:04:27+00:00","dateModified":"2023-08-08T13:08:13+00:00","breadcrumb":{"@id":"https:\/\/taxconta.com.br\/consultoria-e-auditoria\/#breadcrumb"},"inLanguage":"es","potentialAction":[{"@type":"ReadAction","target":["https:\/\/taxconta.com.br\/consultoria-e-auditoria\/"]}]},{"@type":"BreadcrumbList","@id":"https:\/\/taxconta.com.br\/consultoria-e-auditoria\/#breadcrumb","itemListElement":[{"@type":"ListItem","position":1,"name":"In\u00edcio","item":"https:\/\/taxconta.com.br\/"},{"@type":"ListItem","position":2,"name":"Consultoria e Auditoria"}]},{"@type":"WebSite","@id":"https:\/\/taxconta.com.br\/#website","url":"https:\/\/taxconta.com.br\/","name":"TaxConta - Consultoria cont\u00e1bil","description":"Nossa empresa \u00e9 formada por profissionais com amplo conhecimento na \u00e1rea de gest\u00e3o e consultoria cont\u00e1bil, tribut\u00e1ria e trabalhista.","alternateName":"TaxConta - Consultoria cont\u00e1bil, tribut\u00e1ria e trabalhista","potentialAction":[{"@type":"SearchAction","target":{"@type":"EntryPoint","urlTemplate":"https:\/\/taxconta.com.br\/?s={search_term_string}"},"query-input":"required name=search_term_string"}],"inLanguage":"es"}]}},"_links":{"self":[{"href":"https:\/\/taxconta.com.br\/es\/wp-json\/wp\/v2\/pages\/556","targetHints":{"allow":["GET"]}}],"collection":[{"href":"https:\/\/taxconta.com.br\/es\/wp-json\/wp\/v2\/pages"}],"about":[{"href":"https:\/\/taxconta.com.br\/es\/wp-json\/wp\/v2\/types\/page"}],"author":[{"embeddable":true,"href":"https:\/\/taxconta.com.br\/es\/wp-json\/wp\/v2\/users\/1"}],"replies":[{"embeddable":true,"href":"https:\/\/taxconta.com.br\/es\/wp-json\/wp\/v2\/comments?post=556"}],"version-history":[{"count":7,"href":"https:\/\/taxconta.com.br\/es\/wp-json\/wp\/v2\/pages\/556\/revisions"}],"predecessor-version":[{"id":563,"href":"https:\/\/taxconta.com.br\/es\/wp-json\/wp\/v2\/pages\/556\/revisions\/563"}],"wp:attachment":[{"href":"https:\/\/taxconta.com.br\/es\/wp-json\/wp\/v2\/media?parent=556"}],"curies":[{"name":"wp","href":"https:\/\/api.w.org\/{rel}","templated":true}]}}