{"id":843,"date":"2023-09-20T12:08:33","date_gmt":"2023-09-20T15:08:33","guid":{"rendered":"https:\/\/taxconta.com.br\/?page_id=843"},"modified":"2023-09-20T13:17:26","modified_gmt":"2023-09-20T16:17:26","slug":"abertura-de-empresa-e-cnpj","status":"publish","type":"page","link":"https:\/\/taxconta.com.br\/es\/abertura-de-empresa-e-cnpj\/","title":{"rendered":"Apertura de Empresa y CNPJ"},"content":{"rendered":"<div data-elementor-type=\"wp-page\" data-elementor-id=\"843\" class=\"elementor elementor-843\">\n\t\t\t\t\t\t\t\t\t<section class=\"elementor-section elementor-top-section elementor-element elementor-element-28fc3a2 elementor-section-boxed elementor-section-height-default elementor-section-height-default\" data-id=\"28fc3a2\" data-element_type=\"section\" data-settings=\"{&quot;background_background&quot;:&quot;classic&quot;}\">\n\t\t\t\t\t\t<div class=\"elementor-container elementor-column-gap-default\">\n\t\t\t\t\t<div class=\"elementor-column elementor-col-50 elementor-top-column elementor-element elementor-element-0e1eee1\" data-id=\"0e1eee1\" data-element_type=\"column\">\n\t\t\t<div class=\"elementor-widget-wrap elementor-element-populated\">\n\t\t\t\t\t\t\t\t<div class=\"elementor-element elementor-element-bb4cd35 elementor-widget elementor-widget-heading\" data-id=\"bb4cd35\" data-element_type=\"widget\" data-widget_type=\"heading.default\">\n\t\t\t\t<div class=\"elementor-widget-container\">\n\t\t\t<style>\/*! elementor - v3.14.0 - 26-06-2023 *\/\n.elementor-heading-title{padding:0;margin:0;line-height:1}.elementor-widget-heading .elementor-heading-title[class*=elementor-size-]>a{color:inherit;font-size:inherit;line-height:inherit}.elementor-widget-heading .elementor-heading-title.elementor-size-small{font-size:15px}.elementor-widget-heading .elementor-heading-title.elementor-size-medium{font-size:19px}.elementor-widget-heading .elementor-heading-title.elementor-size-large{font-size:29px}.elementor-widget-heading .elementor-heading-title.elementor-size-xl{font-size:39px}.elementor-widget-heading .elementor-heading-title.elementor-size-xxl{font-size:59px}<\/style><h1 class=\"elementor-heading-title elementor-size-default\">Apertura de Empresa y CNPJ<\/h1>\t\t<\/div>\n\t\t\t\t<\/div>\n\t\t\t\t<div class=\"elementor-element elementor-element-35bf6ab elementor-widget elementor-widget-heading\" data-id=\"35bf6ab\" data-element_type=\"widget\" data-widget_type=\"heading.default\">\n\t\t\t\t<div class=\"elementor-widget-container\">\n\t\t\t<h2 class=\"elementor-heading-title elementor-size-default\">Simplificaci\u00f3n de tr\u00e1mites de apertura de empresas, CNPJ y servicios de consultor\u00eda contable.<\/h2>\t\t<\/div>\n\t\t\t\t<\/div>\n\t\t\t\t<div class=\"elementor-element elementor-element-1e2a89e elementor-widget elementor-widget-text-editor\" data-id=\"1e2a89e\" data-element_type=\"widget\" data-widget_type=\"text-editor.default\">\n\t\t\t\t<div class=\"elementor-widget-container\">\n\t\t\t<style>\/*! elementor - v3.14.0 - 26-06-2023 *\/\n.elementor-widget-text-editor.elementor-drop-cap-view-stacked .elementor-drop-cap{background-color:#69727d;color:#fff}.elementor-widget-text-editor.elementor-drop-cap-view-framed .elementor-drop-cap{color:#69727d;border:3px solid;background-color:transparent}.elementor-widget-text-editor:not(.elementor-drop-cap-view-default) .elementor-drop-cap{margin-top:8px}.elementor-widget-text-editor:not(.elementor-drop-cap-view-default) .elementor-drop-cap-letter{width:1em;height:1em}.elementor-widget-text-editor .elementor-drop-cap{float:left;text-align:center;line-height:1;font-size:50px}.elementor-widget-text-editor .elementor-drop-cap-letter{display:inline-block}<\/style>\t\t\t\t<p>El camino de abrir una empresa y un CNPJ es una de las experiencias m\u00e1s apasionantes y desafiantes que puede afrontar un emprendedor. Es el inicio de un viaje en el que una idea, un sue\u00f1o o una pasi\u00f3n se convierte en un negocio real y tangible. En este proceso, un servicio contable a trav\u00e9s de un contador calificado juega un papel fundamental, ya que proporciona la estructura fiscal necesaria para el \u00e9xito y sostenibilidad del emprendimiento.<\/p>\t\t\t\t\t\t<\/div>\n\t\t\t\t<\/div>\n\t\t\t\t<div class=\"elementor-element elementor-element-b48a734 elementor-widget elementor-widget-elementskit-button\" data-id=\"b48a734\" data-element_type=\"widget\" data-widget_type=\"elementskit-button.default\">\n\t\t\t\t<div class=\"elementor-widget-container\">\n\t\t\t<div class=\"ekit-wid-con\" >\t\t<div class=\"ekit-btn-wraper\">\n\t\t\t\t\t\t\t<a href=\"https:\/\/wa.me\/5511918787628?text=Ol%C3%A1%2C+estou+no+site+e+gostaria+de+mais+informa%C3%A7%C3%B5es.\" target=\"_blank\" class=\"elementskit-btn  whitespace--normal\" >\n\t\t\t\t\tServicio en l\u00ednea\n\t\t\t\t\t<i aria-hidden=\"true\" class=\"fab fa-whatsapp\"><\/i>\n\t\t\t\t<\/a>\n\t\t\t\t\t\t<\/div>\n        <\/div>\t\t<\/div>\n\t\t\t\t<\/div>\n\t\t\t\t\t<\/div>\n\t\t<\/div>\n\t\t\t\t<div class=\"elementor-column elementor-col-50 elementor-top-column elementor-element elementor-element-8ce6ea6\" data-id=\"8ce6ea6\" data-element_type=\"column\">\n\t\t\t<div class=\"elementor-widget-wrap elementor-element-populated\">\n\t\t\t\t\t\t\t\t<div class=\"elementor-element elementor-element-9826523 elementor-widget elementor-widget-image\" data-id=\"9826523\" data-element_type=\"widget\" data-widget_type=\"image.default\">\n\t\t\t\t<div class=\"elementor-widget-container\">\n\t\t\t<style>\/*! elementor - v3.14.0 - 26-06-2023 *\/\n.elementor-widget-image{text-align:center}.elementor-widget-image a{display:inline-block}.elementor-widget-image a img[src$=\".svg\"]{width:48px}.elementor-widget-image img{vertical-align:middle;display:inline-block}<\/style>\t\t\t\t\t\t\t\t\t\t\t\t<img decoding=\"async\" src=\"https:\/\/taxconta.com.br\/wp-content\/uploads\/elementor\/thumbs\/contrato-qbkxzzqqkn4gwqwmq78j8qmel22qug7kqebgype8fg.webp\" title=\"Apertura o Apertura de Empresa CNPJ Simples Nacional\" alt=\"Abertura ou Abrir CNPJ Simples Nacional Empresa\" loading=\"lazy\" \/>\t\t\t\t\t\t\t\t\t\t\t\t\t\t\t<\/div>\n\t\t\t\t<\/div>\n\t\t\t\t\t<\/div>\n\t\t<\/div>\n\t\t\t\t\t\t\t<\/div>\n\t\t<\/section>\n\t\t\t\t<section class=\"elementor-section elementor-top-section elementor-element elementor-element-97d1513 elementor-section-boxed elementor-section-height-default elementor-section-height-default\" data-id=\"97d1513\" data-element_type=\"section\">\n\t\t\t\t\t\t<div class=\"elementor-container elementor-column-gap-default\">\n\t\t\t\t\t<div class=\"elementor-column elementor-col-100 elementor-top-column elementor-element elementor-element-5a74bab\" data-id=\"5a74bab\" data-element_type=\"column\">\n\t\t\t<div class=\"elementor-widget-wrap elementor-element-populated\">\n\t\t\t\t\t\t\t\t<div class=\"elementor-element elementor-element-10bb325 elementor-widget elementor-widget-heading\" data-id=\"10bb325\" data-element_type=\"widget\" data-widget_type=\"heading.default\">\n\t\t\t\t<div class=\"elementor-widget-container\">\n\t\t\t<h3 class=\"elementor-heading-title elementor-size-default\">La importancia del servicio de contabilidad en la apertura de una empresa y el CNPJ<\/h3>\t\t<\/div>\n\t\t\t\t<\/div>\n\t\t\t\t<div class=\"elementor-element elementor-element-4042afc elementor-widget-divider--view-line_icon elementor-view-default elementor-widget-divider--element-align-center elementor-widget elementor-widget-divider\" data-id=\"4042afc\" data-element_type=\"widget\" data-widget_type=\"divider.default\">\n\t\t\t\t<div class=\"elementor-widget-container\">\n\t\t\t<style>\/*! elementor - v3.14.0 - 26-06-2023 *\/\n.elementor-widget-divider{--divider-border-style:none;--divider-border-width:1px;--divider-color:#0c0d0e;--divider-icon-size:20px;--divider-element-spacing:10px;--divider-pattern-height:24px;--divider-pattern-size:20px;--divider-pattern-url:none;--divider-pattern-repeat:repeat-x}.elementor-widget-divider .elementor-divider{display:flex}.elementor-widget-divider .elementor-divider__text{font-size:15px;line-height:1;max-width:95%}.elementor-widget-divider .elementor-divider__element{margin:0 var(--divider-element-spacing);flex-shrink:0}.elementor-widget-divider .elementor-icon{font-size:var(--divider-icon-size)}.elementor-widget-divider .elementor-divider-separator{display:flex;margin:0;direction:ltr}.elementor-widget-divider--view-line_icon .elementor-divider-separator,.elementor-widget-divider--view-line_text .elementor-divider-separator{align-items:center}.elementor-widget-divider--view-line_icon .elementor-divider-separator:after,.elementor-widget-divider--view-line_icon .elementor-divider-separator:before,.elementor-widget-divider--view-line_text .elementor-divider-separator:after,.elementor-widget-divider--view-line_text .elementor-divider-separator:before{display:block;content:\"\";border-bottom:0;flex-grow:1;border-top:var(--divider-border-width) var(--divider-border-style) var(--divider-color)}.elementor-widget-divider--element-align-left .elementor-divider .elementor-divider-separator>.elementor-divider__svg:first-of-type{flex-grow:0;flex-shrink:100}.elementor-widget-divider--element-align-left .elementor-divider-separator:before{content:none}.elementor-widget-divider--element-align-left .elementor-divider__element{margin-left:0}.elementor-widget-divider--element-align-right .elementor-divider .elementor-divider-separator>.elementor-divider__svg:last-of-type{flex-grow:0;flex-shrink:100}.elementor-widget-divider--element-align-right .elementor-divider-separator:after{content:none}.elementor-widget-divider--element-align-right .elementor-divider__element{margin-right:0}.elementor-widget-divider:not(.elementor-widget-divider--view-line_text):not(.elementor-widget-divider--view-line_icon) .elementor-divider-separator{border-top:var(--divider-border-width) var(--divider-border-style) var(--divider-color)}.elementor-widget-divider--separator-type-pattern{--divider-border-style:none}.elementor-widget-divider--separator-type-pattern.elementor-widget-divider--view-line .elementor-divider-separator,.elementor-widget-divider--separator-type-pattern:not(.elementor-widget-divider--view-line) .elementor-divider-separator:after,.elementor-widget-divider--separator-type-pattern:not(.elementor-widget-divider--view-line) .elementor-divider-separator:before,.elementor-widget-divider--separator-type-pattern:not([class*=elementor-widget-divider--view]) .elementor-divider-separator{width:100%;min-height:var(--divider-pattern-height);-webkit-mask-size:var(--divider-pattern-size) 100%;mask-size:var(--divider-pattern-size) 100%;-webkit-mask-repeat:var(--divider-pattern-repeat);mask-repeat:var(--divider-pattern-repeat);background-color:var(--divider-color);-webkit-mask-image:var(--divider-pattern-url);mask-image:var(--divider-pattern-url)}.elementor-widget-divider--no-spacing{--divider-pattern-size:auto}.elementor-widget-divider--bg-round{--divider-pattern-repeat:round}.rtl .elementor-widget-divider .elementor-divider__text{direction:rtl}.e-con-inner>.elementor-widget-divider,.e-con>.elementor-widget-divider{width:var(--container-widget-width,100%);--flex-grow:var(--container-widget-flex-grow)}<\/style>\t\t<div class=\"elementor-divider\">\n\t\t\t<span class=\"elementor-divider-separator\">\n\t\t\t\t\t\t\t<div class=\"elementor-icon elementor-divider__element\">\n\t\t\t\t\t<i aria-hidden=\"true\" class=\"icon icon-down-arrow1\"><\/i><\/div>\n\t\t\t\t\t\t<\/span>\n\t\t<\/div>\n\t\t\t\t<\/div>\n\t\t\t\t<\/div>\n\t\t\t\t<div class=\"elementor-element elementor-element-01081ec elementor-widget elementor-widget-text-editor\" data-id=\"01081ec\" data-element_type=\"widget\" data-widget_type=\"text-editor.default\">\n\t\t\t\t<div class=\"elementor-widget-container\">\n\t\t\t\t\t\t\t<p>Abrir una empresa y un CNPJ no es s\u00f3lo cuesti\u00f3n de registrar un nombre y empezar a vender productos o servicios. Implica una serie de pasos complejos que requieren conocimientos y experiencia en contabilidad y finanzas. Estas son algunas de las formas en las que un servicio de contabilidad es esencial al iniciar un negocio:<\/p><p><strong>Elecci\u00f3n de estructura legal:<\/strong> Antes de iniciar cualquier actividad, es fundamental determinar la estructura jur\u00eddica m\u00e1s adecuada para su negocio, como sociedad de responsabilidad limitada, empresario individual o sociedad de responsabilidad limitada. Un contador puede ayudarlo a comprender las implicaciones legales y fiscales de cada opci\u00f3n y elegir la que mejor se adapte a sus necesidades.<\/p><p><strong>Registro Legal:<\/strong> La apertura de una empresa requiere una serie de registros legales, como la obtenci\u00f3n del CNPJ, registro estatal, licencia de funcionamiento e inscripci\u00f3n en la Junta Comercial. Un contador puede ayudar a garantizar que todos estos procedimientos se lleven a cabo correctamente y a tiempo.<strong>Planeamiento financiero:<\/strong> Un plan financiero s\u00f3lido es esencial para el \u00e9xito a largo plazo de una empresa. Un contador puede ayudar a preparar proyecciones financieras, establecer presupuestos y crear un plan de negocios realista.<\/p><p><strong>Gesti\u00f3n Fiscal:<\/strong> El sistema tributario puede ser complejo y pagar m\u00e1s impuestos de los necesarios puede ser perjudicial para la salud financiera de una empresa. Un contador puede ayudar a minimizar la carga fiscal a trav\u00e9s de estrategias legales adaptadas a su negocio.<\/p><p><strong>Contabilidad Eficiente:<\/strong> Mantener registros contables precisos es esencial para el funcionamiento de cualquier empresa. Un servicio de contabilidad puede encargarse de tareas como el seguimiento de ingresos y gastos, la n\u00f3mina y la conciliaci\u00f3n bancaria, garantizando que sus finanzas est\u00e9n siempre en orden.<\/p><p><strong>C\u00f3mplice legal:<\/strong> Cumplir con las regulaciones y obligaciones tributarias es fundamental para evitar problemas legales y financieros. Un contador puede garantizar que su negocio cumpla siempre con las leyes y regulaciones locales y nacionales.<\/p><p><strong>Conclusi\u00f3n<\/strong><\/p><p>Iniciar un negocio es un paso emocionante pero tambi\u00e9n desafiante en el viaje empresarial. Contar con un servicio de contabilidad a trav\u00e9s de un contador experimentado de su lado es esencial para garantizar que su empresa comience con el pie derecho y tenga una base financiera s\u00f3lida para crecer y prosperar. Por eso, a la hora de emprender, recuerde que asociarse con un contador o firma de contadores competente puede marcar la diferencia entre el \u00e9xito y el fracaso en los negocios.<\/p><p><span class=\"font-size:18px;\"><strong><a href=\"https:\/\/taxconta.com.br\/es\/fale-conosco\/\" rel=\"noopener\">Haga clik aqu\u00ed y cont\u00e1ctenos.<\/a><\/strong><\/span><\/p>\t\t\t\t\t\t<\/div>\n\t\t\t\t<\/div>\n\t\t\t\t\t<\/div>\n\t\t<\/div>\n\t\t\t\t\t\t\t<\/div>\n\t\t<\/section>\n\t\t\t\t<section class=\"elementor-section elementor-top-section elementor-element elementor-element-203db10 elementor-section-boxed elementor-section-height-default elementor-section-height-default\" data-id=\"203db10\" data-element_type=\"section\" data-settings=\"{&quot;background_background&quot;:&quot;classic&quot;}\">\n\t\t\t\t\t\t<div class=\"elementor-container elementor-column-gap-default\">\n\t\t\t\t\t<div class=\"elementor-column elementor-col-100 elementor-top-column elementor-element elementor-element-ee00489\" data-id=\"ee00489\" data-element_type=\"column\">\n\t\t\t<div class=\"elementor-widget-wrap elementor-element-populated\">\n\t\t\t\t\t\t\t\t<section class=\"elementor-section elementor-inner-section elementor-element elementor-element-4e78f2c elementor-section-full_width elementor-section-height-default elementor-section-height-default\" data-id=\"4e78f2c\" data-element_type=\"section\" data-settings=\"{&quot;background_background&quot;:&quot;classic&quot;}\">\n\t\t\t\t\t\t<div class=\"elementor-container elementor-column-gap-default\">\n\t\t\t\t\t<div class=\"elementor-column elementor-col-50 elementor-inner-column elementor-element elementor-element-30525d6\" data-id=\"30525d6\" data-element_type=\"column\">\n\t\t\t<div class=\"elementor-widget-wrap elementor-element-populated\">\n\t\t\t\t\t\t\t\t<div class=\"elementor-element elementor-element-ff526df elementor-widget elementor-widget-elementskit-heading\" data-id=\"ff526df\" data-element_type=\"widget\" data-widget_type=\"elementskit-heading.default\">\n\t\t\t\t<div class=\"elementor-widget-container\">\n\t\t\t<div class=\"ekit-wid-con\" ><div class=\"ekit-heading elementskit-section-title-wraper text_left   ekit_heading_tablet-   ekit_heading_mobile-text_center\"><h2 class=\"ekit-heading--title elementskit-section-title\">Necesito hablar con <span><span>\u00bfun experto?<\/span><\/span><\/h2>\t\t\t\t<div class='ekit-heading__description'>\n\t\t\t\t\t<p>\u00a1Ponte en contacto mediante el bot\u00f3n lateral y recibe r\u00e1pidamente tu presupuesto personalizado, con los mejores plazos del mercado!<\/p>\n\t\t\t\t<\/div>\n\t\t\t<\/div><\/div>\t\t<\/div>\n\t\t\t\t<\/div>\n\t\t\t\t\t<\/div>\n\t\t<\/div>\n\t\t\t\t<div class=\"elementor-column elementor-col-50 elementor-inner-column elementor-element elementor-element-1ee530c\" data-id=\"1ee530c\" data-element_type=\"column\">\n\t\t\t<div class=\"elementor-widget-wrap elementor-element-populated\">\n\t\t\t\t\t\t\t\t<div class=\"elementor-element elementor-element-227aa4f elementor-widget elementor-widget-elementskit-button\" data-id=\"227aa4f\" data-element_type=\"widget\" data-widget_type=\"elementskit-button.default\">\n\t\t\t\t<div class=\"elementor-widget-container\">\n\t\t\t<div class=\"ekit-wid-con\" >\t\t<div class=\"ekit-btn-wraper\">\n\t\t\t\t\t\t\t<a href=\"https:\/\/wa.me\/5511918787628?text=Ol%C3%A1%2C+estou+no+site+e+gostaria+de+mais+informa%C3%A7%C3%B5es.\" target=\"_blank\" class=\"elementskit-btn  whitespace--normal\" >\n\t\t\t\t\tServicio en l\u00ednea\n\t\t\t\t\t<i aria-hidden=\"true\" class=\"fab fa-whatsapp\"><\/i>\n\t\t\t\t<\/a>\n\t\t\t\t\t\t<\/div>\n        <\/div>\t\t<\/div>\n\t\t\t\t<\/div>\n\t\t\t\t\t<\/div>\n\t\t<\/div>\n\t\t\t\t\t\t\t<\/div>\n\t\t<\/section>\n\t\t\t\t\t<\/div>\n\t\t<\/div>\n\t\t\t\t\t\t\t<\/div>\n\t\t<\/section>\n\t\t\t\t\t\t\t<\/div>","protected":false},"excerpt":{"rendered":"<p>Abertura de Empresa e CNPJ Simplificando os procedimentos de servi\u00e7o de Abertura de Empresa, CNPJ e consultoria cont\u00e1bil. A jornada de abertura de empresa e CNPJ \u00e9 uma das experi\u00eancias mais emocionantes e desafiadoras que um empreendedor pode enfrentar. \u00c9 o in\u00edcio de uma jornada na qual uma ideia, um sonho ou uma paix\u00e3o se [&hellip;]<\/p>","protected":false},"author":1,"featured_media":0,"parent":0,"menu_order":0,"comment_status":"closed","ping_status":"closed","template":"","meta":{"footnotes":""},"class_list":["post-843","page","type-page","status-publish","hentry"],"yoast_head":"<!-- This site is optimized with the Yoast SEO Premium plugin v21.1 (Yoast SEO v21.2) - https:\/\/yoast.com\/wordpress\/plugins\/seo\/ -->\n<title>Abertura de Empresa e CNPJ - TaxConta Consultoria Cont\u00e1beis<\/title>\n<meta name=\"description\" content=\"TaxConta especialista em servi\u00e7o cont\u00e1bil, disponibilizamos servi\u00e7os em abertura de empresa e CNPJ, contamos com profissionais qualificados.\" \/>\n<meta name=\"robots\" content=\"index, follow, max-snippet:-1, max-image-preview:large, max-video-preview:-1\" \/>\n<link rel=\"canonical\" href=\"https:\/\/taxconta.com.br\/es\/abertura-de-empresa-e-cnpj\/\" \/>\n<meta property=\"og:locale\" content=\"es_ES\" \/>\n<meta property=\"og:type\" content=\"article\" \/>\n<meta property=\"og:title\" content=\"Abertura de Empresa e CNPJ\" \/>\n<meta property=\"og:description\" content=\"TaxConta especialista em servi\u00e7o cont\u00e1bil, disponibilizamos servi\u00e7os em abertura de empresa e CNPJ, contamos com profissionais qualificados.\" \/>\n<meta property=\"og:url\" content=\"https:\/\/taxconta.com.br\/es\/abertura-de-empresa-e-cnpj\/\" \/>\n<meta property=\"og:site_name\" content=\"TaxConta\" \/>\n<meta property=\"article:modified_time\" content=\"2023-09-20T16:17:26+00:00\" \/>\n<meta property=\"og:image\" content=\"https:\/\/taxconta.com.br\/wp-content\/uploads\/elementor\/thumbs\/contrato-qbkxzzqqkn4gwqwmq78j8qmel22qug7kqebgype8fg.webp\" \/>\n<meta name=\"twitter:card\" content=\"summary_large_image\" \/>\n<meta name=\"twitter:label1\" content=\"Tiempo de lectura\" \/>\n\t<meta name=\"twitter:data1\" content=\"4 minutos\" \/>\n<script type=\"application\/ld+json\" class=\"yoast-schema-graph\">{\"@context\":\"https:\/\/schema.org\",\"@graph\":[{\"@type\":\"WebPage\",\"@id\":\"https:\/\/taxconta.com.br\/abertura-de-empresa-e-cnpj\/\",\"url\":\"https:\/\/taxconta.com.br\/abertura-de-empresa-e-cnpj\/\",\"name\":\"Abertura de Empresa e CNPJ - TaxConta Consultoria Cont\u00e1beis\",\"isPartOf\":{\"@id\":\"https:\/\/taxconta.com.br\/#website\"},\"datePublished\":\"2023-09-20T15:08:33+00:00\",\"dateModified\":\"2023-09-20T16:17:26+00:00\",\"description\":\"TaxConta especialista em servi\u00e7o cont\u00e1bil, disponibilizamos servi\u00e7os em abertura de empresa e CNPJ, contamos com profissionais qualificados.\",\"breadcrumb\":{\"@id\":\"https:\/\/taxconta.com.br\/abertura-de-empresa-e-cnpj\/#breadcrumb\"},\"inLanguage\":\"es\",\"potentialAction\":[{\"@type\":\"ReadAction\",\"target\":[\"https:\/\/taxconta.com.br\/abertura-de-empresa-e-cnpj\/\"]}]},{\"@type\":\"BreadcrumbList\",\"@id\":\"https:\/\/taxconta.com.br\/abertura-de-empresa-e-cnpj\/#breadcrumb\",\"itemListElement\":[{\"@type\":\"ListItem\",\"position\":1,\"name\":\"In\u00edcio\",\"item\":\"https:\/\/taxconta.com.br\/\"},{\"@type\":\"ListItem\",\"position\":2,\"name\":\"Abertura de Empresa e CNPJ\"}]},{\"@type\":\"WebSite\",\"@id\":\"https:\/\/taxconta.com.br\/#website\",\"url\":\"https:\/\/taxconta.com.br\/\",\"name\":\"TaxConta - Consultoria cont\u00e1bil\",\"description\":\"Nossa empresa \u00e9 formada por profissionais com amplo conhecimento na \u00e1rea de gest\u00e3o e consultoria cont\u00e1bil, tribut\u00e1ria e trabalhista.\",\"alternateName\":\"TaxConta - Consultoria cont\u00e1bil, tribut\u00e1ria e trabalhista\",\"potentialAction\":[{\"@type\":\"SearchAction\",\"target\":{\"@type\":\"EntryPoint\",\"urlTemplate\":\"https:\/\/taxconta.com.br\/?s={search_term_string}\"},\"query-input\":\"required name=search_term_string\"}],\"inLanguage\":\"es\"}]}<\/script>\n<!-- \/ Yoast SEO Premium plugin. -->","yoast_head_json":{"title":"Abertura de Empresa e CNPJ - TaxConta Consultoria Cont\u00e1beis","description":"TaxConta especialista em servi\u00e7o cont\u00e1bil, disponibilizamos servi\u00e7os em abertura de empresa e CNPJ, contamos com profissionais qualificados.","robots":{"index":"index","follow":"follow","max-snippet":"max-snippet:-1","max-image-preview":"max-image-preview:large","max-video-preview":"max-video-preview:-1"},"canonical":"https:\/\/taxconta.com.br\/es\/abertura-de-empresa-e-cnpj\/","og_locale":"es_ES","og_type":"article","og_title":"Abertura de Empresa e CNPJ","og_description":"TaxConta especialista em servi\u00e7o cont\u00e1bil, disponibilizamos servi\u00e7os em abertura de empresa e CNPJ, contamos com profissionais qualificados.","og_url":"https:\/\/taxconta.com.br\/es\/abertura-de-empresa-e-cnpj\/","og_site_name":"TaxConta","article_modified_time":"2023-09-20T16:17:26+00:00","og_image":[{"url":"https:\/\/taxconta.com.br\/wp-content\/uploads\/elementor\/thumbs\/contrato-qbkxzzqqkn4gwqwmq78j8qmel22qug7kqebgype8fg.webp"}],"twitter_card":"summary_large_image","twitter_misc":{"Tiempo de lectura":"4 minutos"},"schema":{"@context":"https:\/\/schema.org","@graph":[{"@type":"WebPage","@id":"https:\/\/taxconta.com.br\/abertura-de-empresa-e-cnpj\/","url":"https:\/\/taxconta.com.br\/abertura-de-empresa-e-cnpj\/","name":"Abertura de Empresa e CNPJ - TaxConta Consultoria Cont\u00e1beis","isPartOf":{"@id":"https:\/\/taxconta.com.br\/#website"},"datePublished":"2023-09-20T15:08:33+00:00","dateModified":"2023-09-20T16:17:26+00:00","description":"TaxConta especialista em servi\u00e7o cont\u00e1bil, disponibilizamos servi\u00e7os em abertura de empresa e CNPJ, contamos com profissionais qualificados.","breadcrumb":{"@id":"https:\/\/taxconta.com.br\/abertura-de-empresa-e-cnpj\/#breadcrumb"},"inLanguage":"es","potentialAction":[{"@type":"ReadAction","target":["https:\/\/taxconta.com.br\/abertura-de-empresa-e-cnpj\/"]}]},{"@type":"BreadcrumbList","@id":"https:\/\/taxconta.com.br\/abertura-de-empresa-e-cnpj\/#breadcrumb","itemListElement":[{"@type":"ListItem","position":1,"name":"In\u00edcio","item":"https:\/\/taxconta.com.br\/"},{"@type":"ListItem","position":2,"name":"Abertura de Empresa e CNPJ"}]},{"@type":"WebSite","@id":"https:\/\/taxconta.com.br\/#website","url":"https:\/\/taxconta.com.br\/","name":"TaxConta - Consultoria cont\u00e1bil","description":"Nossa empresa \u00e9 formada por profissionais com amplo conhecimento na \u00e1rea de gest\u00e3o e consultoria cont\u00e1bil, tribut\u00e1ria e trabalhista.","alternateName":"TaxConta - Consultoria cont\u00e1bil, tribut\u00e1ria e trabalhista","potentialAction":[{"@type":"SearchAction","target":{"@type":"EntryPoint","urlTemplate":"https:\/\/taxconta.com.br\/?s={search_term_string}"},"query-input":"required name=search_term_string"}],"inLanguage":"es"}]}},"_links":{"self":[{"href":"https:\/\/taxconta.com.br\/es\/wp-json\/wp\/v2\/pages\/843","targetHints":{"allow":["GET"]}}],"collection":[{"href":"https:\/\/taxconta.com.br\/es\/wp-json\/wp\/v2\/pages"}],"about":[{"href":"https:\/\/taxconta.com.br\/es\/wp-json\/wp\/v2\/types\/page"}],"author":[{"embeddable":true,"href":"https:\/\/taxconta.com.br\/es\/wp-json\/wp\/v2\/users\/1"}],"replies":[{"embeddable":true,"href":"https:\/\/taxconta.com.br\/es\/wp-json\/wp\/v2\/comments?post=843"}],"version-history":[{"count":9,"href":"https:\/\/taxconta.com.br\/es\/wp-json\/wp\/v2\/pages\/843\/revisions"}],"predecessor-version":[{"id":874,"href":"https:\/\/taxconta.com.br\/es\/wp-json\/wp\/v2\/pages\/843\/revisions\/874"}],"wp:attachment":[{"href":"https:\/\/taxconta.com.br\/es\/wp-json\/wp\/v2\/media?parent=843"}],"curies":[{"name":"wp","href":"https:\/\/api.w.org\/{rel}","templated":true}]}}