{"id":900,"date":"2023-09-20T16:49:41","date_gmt":"2023-09-20T19:49:41","guid":{"rendered":"https:\/\/taxconta.com.br\/?page_id=900"},"modified":"2023-09-20T16:52:20","modified_gmt":"2023-09-20T19:52:20","slug":"contador-para-empresa","status":"publish","type":"page","link":"https:\/\/taxconta.com.br\/es\/contador-para-empresa\/","title":{"rendered":"Contador de la empresa"},"content":{"rendered":"<div data-elementor-type=\"wp-page\" data-elementor-id=\"900\" class=\"elementor elementor-900\">\n\t\t\t\t\t\t\t\t\t<section class=\"elementor-section elementor-top-section elementor-element elementor-element-28fc3a2 elementor-section-boxed elementor-section-height-default elementor-section-height-default\" data-id=\"28fc3a2\" data-element_type=\"section\" data-settings=\"{&quot;background_background&quot;:&quot;classic&quot;}\">\n\t\t\t\t\t\t<div class=\"elementor-container elementor-column-gap-default\">\n\t\t\t\t\t<div class=\"elementor-column elementor-col-50 elementor-top-column elementor-element elementor-element-0e1eee1\" data-id=\"0e1eee1\" data-element_type=\"column\">\n\t\t\t<div class=\"elementor-widget-wrap elementor-element-populated\">\n\t\t\t\t\t\t\t\t<div class=\"elementor-element elementor-element-bb4cd35 elementor-widget elementor-widget-heading\" data-id=\"bb4cd35\" data-element_type=\"widget\" data-widget_type=\"heading.default\">\n\t\t\t\t<div class=\"elementor-widget-container\">\n\t\t\t<style>\/*! elementor - v3.14.0 - 26-06-2023 *\/\n.elementor-heading-title{padding:0;margin:0;line-height:1}.elementor-widget-heading .elementor-heading-title[class*=elementor-size-]>a{color:inherit;font-size:inherit;line-height:inherit}.elementor-widget-heading .elementor-heading-title.elementor-size-small{font-size:15px}.elementor-widget-heading .elementor-heading-title.elementor-size-medium{font-size:19px}.elementor-widget-heading .elementor-heading-title.elementor-size-large{font-size:29px}.elementor-widget-heading .elementor-heading-title.elementor-size-xl{font-size:39px}.elementor-widget-heading .elementor-heading-title.elementor-size-xxl{font-size:59px}<\/style><h1 class=\"elementor-heading-title elementor-size-default\">Contador de la empresa<\/h1>\t\t<\/div>\n\t\t\t\t<\/div>\n\t\t\t\t<div class=\"elementor-element elementor-element-35bf6ab elementor-widget elementor-widget-heading\" data-id=\"35bf6ab\" data-element_type=\"widget\" data-widget_type=\"heading.default\">\n\t\t\t\t<div class=\"elementor-widget-container\">\n\t\t\t<h2 class=\"elementor-heading-title elementor-size-default\">Servicio de simplificaci\u00f3n de tr\u00e1mites contables para empresas y consultor\u00eda contable, fiscal y de asesoramiento.<\/h2>\t\t<\/div>\n\t\t\t\t<\/div>\n\t\t\t\t<div class=\"elementor-element elementor-element-1e2a89e elementor-widget elementor-widget-text-editor\" data-id=\"1e2a89e\" data-element_type=\"widget\" data-widget_type=\"text-editor.default\">\n\t\t\t\t<div class=\"elementor-widget-container\">\n\t\t\t<style>\/*! elementor - v3.14.0 - 26-06-2023 *\/\n.elementor-widget-text-editor.elementor-drop-cap-view-stacked .elementor-drop-cap{background-color:#69727d;color:#fff}.elementor-widget-text-editor.elementor-drop-cap-view-framed .elementor-drop-cap{color:#69727d;border:3px solid;background-color:transparent}.elementor-widget-text-editor:not(.elementor-drop-cap-view-default) .elementor-drop-cap{margin-top:8px}.elementor-widget-text-editor:not(.elementor-drop-cap-view-default) .elementor-drop-cap-letter{width:1em;height:1em}.elementor-widget-text-editor .elementor-drop-cap{float:left;text-align:center;line-height:1;font-size:50px}.elementor-widget-text-editor .elementor-drop-cap-letter{display:inline-block}<\/style>\t\t\t\t<p>El contador de empresa juega un papel fundamental en la gesti\u00f3n financiera y el \u00e9xito de cualquier empresa que opere en este sector. Es una herramienta esencial para garantizar que todas las transacciones financieras se registren con precisi\u00f3n y que los recursos financieros se gestionen de manera eficiente. Exploremos con m\u00e1s detalle el papel de la contabilidad en el comercio y los servicios contables que se pueden ofrecer a las empresas en este campo.<\/p>\t\t\t\t\t\t<\/div>\n\t\t\t\t<\/div>\n\t\t\t\t<div class=\"elementor-element elementor-element-b48a734 elementor-widget elementor-widget-elementskit-button\" data-id=\"b48a734\" data-element_type=\"widget\" data-widget_type=\"elementskit-button.default\">\n\t\t\t\t<div class=\"elementor-widget-container\">\n\t\t\t<div class=\"ekit-wid-con\" >\t\t<div class=\"ekit-btn-wraper\">\n\t\t\t\t\t\t\t<a href=\"https:\/\/wa.me\/5511918787628?text=Ol%C3%A1%2C+estou+no+site+e+gostaria+de+mais+informa%C3%A7%C3%B5es.\" target=\"_blank\" class=\"elementskit-btn  whitespace--normal\" >\n\t\t\t\t\tServicio en l\u00ednea\n\t\t\t\t\t<i aria-hidden=\"true\" class=\"fab fa-whatsapp\"><\/i>\n\t\t\t\t<\/a>\n\t\t\t\t\t\t<\/div>\n        <\/div>\t\t<\/div>\n\t\t\t\t<\/div>\n\t\t\t\t\t<\/div>\n\t\t<\/div>\n\t\t\t\t<div class=\"elementor-column elementor-col-50 elementor-top-column elementor-element elementor-element-8ce6ea6\" data-id=\"8ce6ea6\" data-element_type=\"column\">\n\t\t\t<div class=\"elementor-widget-wrap elementor-element-populated\">\n\t\t\t\t\t\t\t\t<div class=\"elementor-element elementor-element-9826523 elementor-widget elementor-widget-image\" data-id=\"9826523\" data-element_type=\"widget\" data-widget_type=\"image.default\">\n\t\t\t\t<div class=\"elementor-widget-container\">\n\t\t\t<style>\/*! elementor - v3.14.0 - 26-06-2023 *\/\n.elementor-widget-image{text-align:center}.elementor-widget-image a{display:inline-block}.elementor-widget-image a img[src$=\".svg\"]{width:48px}.elementor-widget-image img{vertical-align:middle;display:inline-block}<\/style>\t\t\t\t\t\t\t\t\t\t\t\t<img decoding=\"async\" src=\"https:\/\/taxconta.com.br\/wp-content\/uploads\/elementor\/thumbs\/image038-qaye8hp6m2cqxfo7g6jot6ryskzs70xpjhv6d7de0c.jpg\" title=\"Contabilidad para el Comercio\" alt=\"Contabilidade para Com\u00e9rcio\" loading=\"lazy\" \/>\t\t\t\t\t\t\t\t\t\t\t\t\t\t\t<\/div>\n\t\t\t\t<\/div>\n\t\t\t\t\t<\/div>\n\t\t<\/div>\n\t\t\t\t\t\t\t<\/div>\n\t\t<\/section>\n\t\t\t\t<section class=\"elementor-section elementor-top-section elementor-element elementor-element-97d1513 elementor-section-boxed elementor-section-height-default elementor-section-height-default\" data-id=\"97d1513\" data-element_type=\"section\">\n\t\t\t\t\t\t<div class=\"elementor-container elementor-column-gap-default\">\n\t\t\t\t\t<div class=\"elementor-column elementor-col-100 elementor-top-column elementor-element elementor-element-5a74bab\" data-id=\"5a74bab\" data-element_type=\"column\">\n\t\t\t<div class=\"elementor-widget-wrap elementor-element-populated\">\n\t\t\t\t\t\t\t\t<div class=\"elementor-element elementor-element-10bb325 elementor-widget elementor-widget-heading\" data-id=\"10bb325\" data-element_type=\"widget\" data-widget_type=\"heading.default\">\n\t\t\t\t<div class=\"elementor-widget-container\">\n\t\t\t<h3 class=\"elementor-heading-title elementor-size-default\">Ventajas del Servicio de Contabilidad para el Comercio<\/h3>\t\t<\/div>\n\t\t\t\t<\/div>\n\t\t\t\t<div class=\"elementor-element elementor-element-4042afc elementor-widget-divider--view-line_icon elementor-view-default elementor-widget-divider--element-align-center elementor-widget elementor-widget-divider\" data-id=\"4042afc\" data-element_type=\"widget\" data-widget_type=\"divider.default\">\n\t\t\t\t<div class=\"elementor-widget-container\">\n\t\t\t<style>\/*! elementor - v3.14.0 - 26-06-2023 *\/\n.elementor-widget-divider{--divider-border-style:none;--divider-border-width:1px;--divider-color:#0c0d0e;--divider-icon-size:20px;--divider-element-spacing:10px;--divider-pattern-height:24px;--divider-pattern-size:20px;--divider-pattern-url:none;--divider-pattern-repeat:repeat-x}.elementor-widget-divider .elementor-divider{display:flex}.elementor-widget-divider .elementor-divider__text{font-size:15px;line-height:1;max-width:95%}.elementor-widget-divider .elementor-divider__element{margin:0 var(--divider-element-spacing);flex-shrink:0}.elementor-widget-divider .elementor-icon{font-size:var(--divider-icon-size)}.elementor-widget-divider .elementor-divider-separator{display:flex;margin:0;direction:ltr}.elementor-widget-divider--view-line_icon .elementor-divider-separator,.elementor-widget-divider--view-line_text .elementor-divider-separator{align-items:center}.elementor-widget-divider--view-line_icon .elementor-divider-separator:after,.elementor-widget-divider--view-line_icon .elementor-divider-separator:before,.elementor-widget-divider--view-line_text .elementor-divider-separator:after,.elementor-widget-divider--view-line_text .elementor-divider-separator:before{display:block;content:\"\";border-bottom:0;flex-grow:1;border-top:var(--divider-border-width) var(--divider-border-style) var(--divider-color)}.elementor-widget-divider--element-align-left .elementor-divider .elementor-divider-separator>.elementor-divider__svg:first-of-type{flex-grow:0;flex-shrink:100}.elementor-widget-divider--element-align-left .elementor-divider-separator:before{content:none}.elementor-widget-divider--element-align-left .elementor-divider__element{margin-left:0}.elementor-widget-divider--element-align-right .elementor-divider .elementor-divider-separator>.elementor-divider__svg:last-of-type{flex-grow:0;flex-shrink:100}.elementor-widget-divider--element-align-right .elementor-divider-separator:after{content:none}.elementor-widget-divider--element-align-right .elementor-divider__element{margin-right:0}.elementor-widget-divider:not(.elementor-widget-divider--view-line_text):not(.elementor-widget-divider--view-line_icon) .elementor-divider-separator{border-top:var(--divider-border-width) var(--divider-border-style) var(--divider-color)}.elementor-widget-divider--separator-type-pattern{--divider-border-style:none}.elementor-widget-divider--separator-type-pattern.elementor-widget-divider--view-line .elementor-divider-separator,.elementor-widget-divider--separator-type-pattern:not(.elementor-widget-divider--view-line) .elementor-divider-separator:after,.elementor-widget-divider--separator-type-pattern:not(.elementor-widget-divider--view-line) .elementor-divider-separator:before,.elementor-widget-divider--separator-type-pattern:not([class*=elementor-widget-divider--view]) .elementor-divider-separator{width:100%;min-height:var(--divider-pattern-height);-webkit-mask-size:var(--divider-pattern-size) 100%;mask-size:var(--divider-pattern-size) 100%;-webkit-mask-repeat:var(--divider-pattern-repeat);mask-repeat:var(--divider-pattern-repeat);background-color:var(--divider-color);-webkit-mask-image:var(--divider-pattern-url);mask-image:var(--divider-pattern-url)}.elementor-widget-divider--no-spacing{--divider-pattern-size:auto}.elementor-widget-divider--bg-round{--divider-pattern-repeat:round}.rtl .elementor-widget-divider .elementor-divider__text{direction:rtl}.e-con-inner>.elementor-widget-divider,.e-con>.elementor-widget-divider{width:var(--container-widget-width,100%);--flex-grow:var(--container-widget-flex-grow)}<\/style>\t\t<div class=\"elementor-divider\">\n\t\t\t<span class=\"elementor-divider-separator\">\n\t\t\t\t\t\t\t<div class=\"elementor-icon elementor-divider__element\">\n\t\t\t\t\t<i aria-hidden=\"true\" class=\"icon icon-down-arrow1\"><\/i><\/div>\n\t\t\t\t\t\t<\/span>\n\t\t<\/div>\n\t\t\t\t<\/div>\n\t\t\t\t<\/div>\n\t\t\t\t<div class=\"elementor-element elementor-element-01081ec elementor-widget elementor-widget-text-editor\" data-id=\"01081ec\" data-element_type=\"widget\" data-widget_type=\"text-editor.default\">\n\t\t\t\t<div class=\"elementor-widget-container\">\n\t\t\t\t\t\t\t<p><strong>La importancia de un contador para una empresa<br \/><\/strong><\/p><p>La contabilidad en el comercio es una disciplina que abarca la recopilaci\u00f3n, an\u00e1lisis y registro de todas las transacciones financieras de una empresa que realiza compras y ventas de productos:<\/p><p><strong>Control financiero:<\/strong> La contabilidad permite a los due\u00f1os de negocios tener un control detallado de sus finanzas. Esto incluye el seguimiento de ingresos, gastos, ganancias y p\u00e9rdidas. Con esta informaci\u00f3n en mano, los gerentes pueden tomar decisiones informadas sobre c\u00f3mo asignar recursos e invertir en el crecimiento empresarial.<\/p><p><strong>Cumplimiento tributario:<\/strong> Las empresas comerciales est\u00e1n sujetas a normas fiscales espec\u00edficas. La contabilidad ayuda a garantizar que todos los impuestos se calculen correctamente y se paguen dentro de los plazos legales. Esto evita problemas con las autoridades fiscales y multas innecesarias.<\/p><p><strong>Valoraci\u00f3n de acciones:<\/strong> Para las empresas comerciales, el inventario es un activo importante. La contabilidad ayuda a rastrear el valor de los inventarios y determinar si se est\u00e1n administrando de manera eficiente. Esto tambi\u00e9n es crucial para tomar decisiones sobre compras y ventas.<\/p><p><strong>Toma de decisiones:<\/strong> Los informes financieros generados por la contabilidad brindan informaci\u00f3n valiosa para la toma de decisiones estrat\u00e9gicas. Los propietarios de empresas pueden utilizar estos datos para identificar \u00e1reas de mejora, identificar tendencias del mercado y planificar el futuro de la empresa.<\/p><p><strong>Servicios de contabilidad en el comercio<\/strong><\/p><p>Para garantizar que la contabilidad en el comercio se lleve a cabo de manera efectiva, muchas empresas conf\u00edan en servicios de contabilidad especializados. Algunos de los servicios m\u00e1s comunes incluyen:<strong>Registro de la transacci\u00f3n:<\/strong> Esto implica registrar todas las transacciones financieras, como ventas, compras, pagos y recibos. Esto se puede hacer manualmente o con la ayuda de un software de contabilidad.<\/p><p><strong>Cierre del Balance:<\/strong> Al final de cada per\u00edodo contable, los servicios de contabilidad ayudan a preparar los estados financieros, incluidos el balance general, el estado de resultados y el flujo de caja.<\/p><p><strong>Declaraciones de Impuestos:<\/strong> Los profesionales contables ayudan en la preparaci\u00f3n y presentaci\u00f3n de declaraciones de impuestos, asegurando que la empresa cumpla con las leyes fiscales.<\/p><p><strong>Consulta financiera:<\/strong> Adem\u00e1s de las tareas rutinarias, los servicios de contabilidad pueden ofrecer asesoramiento financiero para ayudar a las empresas a optimizar sus finanzas, reducir costos y mejorar la rentabilidad.<\/p><p><strong>Auditoria interna:<\/strong> Algunas empresas optan por realizar auditor\u00edas internas para garantizar la integridad de sus procesos financieros. Los servicios de contabilidad pueden ayudar en este proceso.<\/p><p>En resumen, la contabilidad juega un papel fundamental en la gesti\u00f3n exitosa de las empresas comerciales. Proporciona informaci\u00f3n financiera precisa y relevante que ayuda a los propietarios de empresas a tomar decisiones informadas y cumplir con sus obligaciones fiscales. Al confiar en servicios de contabilidad especializados, las empresas pueden asegurarse de que su contabilidad se lleve a cabo de manera eficiente y profesional, permiti\u00e9ndoles concentrarse en el crecimiento y el \u00e9xito de su negocio.<a href=\"https:\/\/taxconta.com.br\/es\/sitemap_index.xml\/\" target=\"_blank\" rel=\"noopener\">.<\/a><\/p><p><span class=\"font-size:18px;\"><strong><a href=\"https:\/\/taxconta.com.br\/es\/fale-conosco\/\" rel=\"noopener\">Haga clik aqu\u00ed y cont\u00e1ctenos.<\/a><\/strong><\/span><\/p>\t\t\t\t\t\t<\/div>\n\t\t\t\t<\/div>\n\t\t\t\t\t<\/div>\n\t\t<\/div>\n\t\t\t\t\t\t\t<\/div>\n\t\t<\/section>\n\t\t\t\t<section class=\"elementor-section elementor-top-section elementor-element elementor-element-203db10 elementor-section-boxed elementor-section-height-default elementor-section-height-default\" data-id=\"203db10\" data-element_type=\"section\" data-settings=\"{&quot;background_background&quot;:&quot;classic&quot;}\">\n\t\t\t\t\t\t<div class=\"elementor-container elementor-column-gap-default\">\n\t\t\t\t\t<div class=\"elementor-column elementor-col-100 elementor-top-column elementor-element elementor-element-ee00489\" data-id=\"ee00489\" data-element_type=\"column\">\n\t\t\t<div class=\"elementor-widget-wrap elementor-element-populated\">\n\t\t\t\t\t\t\t\t<section class=\"elementor-section elementor-inner-section elementor-element elementor-element-4e78f2c elementor-section-full_width elementor-section-height-default elementor-section-height-default\" data-id=\"4e78f2c\" data-element_type=\"section\" data-settings=\"{&quot;background_background&quot;:&quot;classic&quot;}\">\n\t\t\t\t\t\t<div class=\"elementor-container elementor-column-gap-default\">\n\t\t\t\t\t<div class=\"elementor-column elementor-col-50 elementor-inner-column elementor-element elementor-element-30525d6\" data-id=\"30525d6\" data-element_type=\"column\">\n\t\t\t<div class=\"elementor-widget-wrap elementor-element-populated\">\n\t\t\t\t\t\t\t\t<div class=\"elementor-element elementor-element-ff526df elementor-widget elementor-widget-elementskit-heading\" data-id=\"ff526df\" data-element_type=\"widget\" data-widget_type=\"elementskit-heading.default\">\n\t\t\t\t<div class=\"elementor-widget-container\">\n\t\t\t<div class=\"ekit-wid-con\" ><div class=\"ekit-heading elementskit-section-title-wraper text_left   ekit_heading_tablet-   ekit_heading_mobile-text_center\"><h2 class=\"ekit-heading--title elementskit-section-title\">Necesito hablar con <span><span>\u00bfun experto?<\/span><\/span><\/h2>\t\t\t\t<div class='ekit-heading__description'>\n\t\t\t\t\t<p>\u00a1Ponte en contacto mediante el bot\u00f3n lateral y recibe r\u00e1pidamente tu presupuesto personalizado, con los mejores plazos del mercado!<\/p>\n\t\t\t\t<\/div>\n\t\t\t<\/div><\/div>\t\t<\/div>\n\t\t\t\t<\/div>\n\t\t\t\t\t<\/div>\n\t\t<\/div>\n\t\t\t\t<div class=\"elementor-column elementor-col-50 elementor-inner-column elementor-element elementor-element-1ee530c\" data-id=\"1ee530c\" data-element_type=\"column\">\n\t\t\t<div class=\"elementor-widget-wrap elementor-element-populated\">\n\t\t\t\t\t\t\t\t<div class=\"elementor-element elementor-element-227aa4f elementor-widget elementor-widget-elementskit-button\" data-id=\"227aa4f\" data-element_type=\"widget\" data-widget_type=\"elementskit-button.default\">\n\t\t\t\t<div class=\"elementor-widget-container\">\n\t\t\t<div class=\"ekit-wid-con\" >\t\t<div class=\"ekit-btn-wraper\">\n\t\t\t\t\t\t\t<a href=\"https:\/\/wa.me\/5511918787628?text=Ol%C3%A1%2C+estou+no+site+e+gostaria+de+mais+informa%C3%A7%C3%B5es.\" target=\"_blank\" class=\"elementskit-btn  whitespace--normal\" >\n\t\t\t\t\tServicio en l\u00ednea\n\t\t\t\t\t<i aria-hidden=\"true\" class=\"fab fa-whatsapp\"><\/i>\n\t\t\t\t<\/a>\n\t\t\t\t\t\t<\/div>\n        <\/div>\t\t<\/div>\n\t\t\t\t<\/div>\n\t\t\t\t\t<\/div>\n\t\t<\/div>\n\t\t\t\t\t\t\t<\/div>\n\t\t<\/section>\n\t\t\t\t\t<\/div>\n\t\t<\/div>\n\t\t\t\t\t\t\t<\/div>\n\t\t<\/section>\n\t\t\t\t\t\t\t<\/div>","protected":false},"excerpt":{"rendered":"<p>Contador para Empresa Simplificando os procedimentos de servi\u00e7o contador para empresa e consultoria cont\u00e1bil, tribut\u00e1rios e consultivos. O contador para empresa, possui um papel fundamental na gest\u00e3o financeira e no sucesso de qualquer empresa que atue nesse setor. Ela \u00e9 uma ferramenta essencial para garantir que todas as transa\u00e7\u00f5es financeiras sejam registradas de forma precisa [&hellip;]<\/p>","protected":false},"author":1,"featured_media":0,"parent":0,"menu_order":0,"comment_status":"closed","ping_status":"closed","template":"","meta":{"footnotes":""},"class_list":["post-900","page","type-page","status-publish","hentry"],"yoast_head":"<!-- This site is optimized with the Yoast SEO Premium plugin v21.1 (Yoast SEO v21.2) - https:\/\/yoast.com\/wordpress\/plugins\/seo\/ -->\n<title>Contador para Empresa - TaxConta Consultoria Cont\u00e1beis<\/title>\n<meta name=\"description\" content=\"TaxConta especialista em servi\u00e7o de contador para empresa, contamos com profissionais qualificados e especialistas na \u00e1rea cont\u00e1bil.\" \/>\n<meta name=\"robots\" content=\"index, follow, max-snippet:-1, max-image-preview:large, max-video-preview:-1\" \/>\n<link rel=\"canonical\" href=\"https:\/\/taxconta.com.br\/es\/contador-para-empresa\/\" \/>\n<meta property=\"og:locale\" content=\"es_ES\" \/>\n<meta property=\"og:type\" content=\"article\" \/>\n<meta property=\"og:title\" content=\"Contador para Empresa\" \/>\n<meta property=\"og:description\" content=\"TaxConta especialista em servi\u00e7o de contador para empresa, contamos com profissionais qualificados e especialistas na \u00e1rea cont\u00e1bil.\" \/>\n<meta property=\"og:url\" content=\"https:\/\/taxconta.com.br\/es\/contador-para-empresa\/\" \/>\n<meta property=\"og:site_name\" content=\"TaxConta\" \/>\n<meta property=\"article:modified_time\" content=\"2023-09-20T19:52:20+00:00\" \/>\n<meta property=\"og:image\" content=\"https:\/\/taxconta.com.br\/wp-content\/uploads\/elementor\/thumbs\/image038-qaye8hp6m2cqxfo7g6jot6ryskzs70xpjhv6d7de0c.jpg\" \/>\n<meta name=\"twitter:card\" content=\"summary_large_image\" \/>\n<meta name=\"twitter:label1\" content=\"Tiempo de lectura\" \/>\n\t<meta name=\"twitter:data1\" content=\"4 minutos\" \/>\n<script type=\"application\/ld+json\" class=\"yoast-schema-graph\">{\"@context\":\"https:\/\/schema.org\",\"@graph\":[{\"@type\":\"WebPage\",\"@id\":\"https:\/\/taxconta.com.br\/contador-para-empresa\/\",\"url\":\"https:\/\/taxconta.com.br\/contador-para-empresa\/\",\"name\":\"Contador para Empresa - TaxConta Consultoria Cont\u00e1beis\",\"isPartOf\":{\"@id\":\"https:\/\/taxconta.com.br\/#website\"},\"datePublished\":\"2023-09-20T19:49:41+00:00\",\"dateModified\":\"2023-09-20T19:52:20+00:00\",\"description\":\"TaxConta especialista em servi\u00e7o de contador para empresa, contamos com profissionais qualificados e especialistas na \u00e1rea cont\u00e1bil.\",\"breadcrumb\":{\"@id\":\"https:\/\/taxconta.com.br\/contador-para-empresa\/#breadcrumb\"},\"inLanguage\":\"es\",\"potentialAction\":[{\"@type\":\"ReadAction\",\"target\":[\"https:\/\/taxconta.com.br\/contador-para-empresa\/\"]}]},{\"@type\":\"BreadcrumbList\",\"@id\":\"https:\/\/taxconta.com.br\/contador-para-empresa\/#breadcrumb\",\"itemListElement\":[{\"@type\":\"ListItem\",\"position\":1,\"name\":\"In\u00edcio\",\"item\":\"https:\/\/taxconta.com.br\/\"},{\"@type\":\"ListItem\",\"position\":2,\"name\":\"Contador para Empresa\"}]},{\"@type\":\"WebSite\",\"@id\":\"https:\/\/taxconta.com.br\/#website\",\"url\":\"https:\/\/taxconta.com.br\/\",\"name\":\"TaxConta - Consultoria cont\u00e1bil\",\"description\":\"Nossa empresa \u00e9 formada por profissionais com amplo conhecimento na \u00e1rea de gest\u00e3o e consultoria cont\u00e1bil, tribut\u00e1ria e trabalhista.\",\"alternateName\":\"TaxConta - Consultoria cont\u00e1bil, tribut\u00e1ria e trabalhista\",\"potentialAction\":[{\"@type\":\"SearchAction\",\"target\":{\"@type\":\"EntryPoint\",\"urlTemplate\":\"https:\/\/taxconta.com.br\/?s={search_term_string}\"},\"query-input\":\"required name=search_term_string\"}],\"inLanguage\":\"es\"}]}<\/script>\n<!-- \/ Yoast SEO Premium plugin. -->","yoast_head_json":{"title":"Contador para Empresa - TaxConta Consultoria Cont\u00e1beis","description":"TaxConta especialista em servi\u00e7o de contador para empresa, contamos com profissionais qualificados e especialistas na \u00e1rea cont\u00e1bil.","robots":{"index":"index","follow":"follow","max-snippet":"max-snippet:-1","max-image-preview":"max-image-preview:large","max-video-preview":"max-video-preview:-1"},"canonical":"https:\/\/taxconta.com.br\/es\/contador-para-empresa\/","og_locale":"es_ES","og_type":"article","og_title":"Contador para Empresa","og_description":"TaxConta especialista em servi\u00e7o de contador para empresa, contamos com profissionais qualificados e especialistas na \u00e1rea cont\u00e1bil.","og_url":"https:\/\/taxconta.com.br\/es\/contador-para-empresa\/","og_site_name":"TaxConta","article_modified_time":"2023-09-20T19:52:20+00:00","og_image":[{"url":"https:\/\/taxconta.com.br\/wp-content\/uploads\/elementor\/thumbs\/image038-qaye8hp6m2cqxfo7g6jot6ryskzs70xpjhv6d7de0c.jpg"}],"twitter_card":"summary_large_image","twitter_misc":{"Tiempo de lectura":"4 minutos"},"schema":{"@context":"https:\/\/schema.org","@graph":[{"@type":"WebPage","@id":"https:\/\/taxconta.com.br\/contador-para-empresa\/","url":"https:\/\/taxconta.com.br\/contador-para-empresa\/","name":"Contador para Empresa - TaxConta Consultoria Cont\u00e1beis","isPartOf":{"@id":"https:\/\/taxconta.com.br\/#website"},"datePublished":"2023-09-20T19:49:41+00:00","dateModified":"2023-09-20T19:52:20+00:00","description":"TaxConta especialista em servi\u00e7o de contador para empresa, contamos com profissionais qualificados e especialistas na \u00e1rea cont\u00e1bil.","breadcrumb":{"@id":"https:\/\/taxconta.com.br\/contador-para-empresa\/#breadcrumb"},"inLanguage":"es","potentialAction":[{"@type":"ReadAction","target":["https:\/\/taxconta.com.br\/contador-para-empresa\/"]}]},{"@type":"BreadcrumbList","@id":"https:\/\/taxconta.com.br\/contador-para-empresa\/#breadcrumb","itemListElement":[{"@type":"ListItem","position":1,"name":"In\u00edcio","item":"https:\/\/taxconta.com.br\/"},{"@type":"ListItem","position":2,"name":"Contador para Empresa"}]},{"@type":"WebSite","@id":"https:\/\/taxconta.com.br\/#website","url":"https:\/\/taxconta.com.br\/","name":"TaxConta - Consultoria cont\u00e1bil","description":"Nossa empresa \u00e9 formada por profissionais com amplo conhecimento na \u00e1rea de gest\u00e3o e consultoria cont\u00e1bil, tribut\u00e1ria e trabalhista.","alternateName":"TaxConta - Consultoria cont\u00e1bil, tribut\u00e1ria e trabalhista","potentialAction":[{"@type":"SearchAction","target":{"@type":"EntryPoint","urlTemplate":"https:\/\/taxconta.com.br\/?s={search_term_string}"},"query-input":"required name=search_term_string"}],"inLanguage":"es"}]}},"_links":{"self":[{"href":"https:\/\/taxconta.com.br\/es\/wp-json\/wp\/v2\/pages\/900","targetHints":{"allow":["GET"]}}],"collection":[{"href":"https:\/\/taxconta.com.br\/es\/wp-json\/wp\/v2\/pages"}],"about":[{"href":"https:\/\/taxconta.com.br\/es\/wp-json\/wp\/v2\/types\/page"}],"author":[{"embeddable":true,"href":"https:\/\/taxconta.com.br\/es\/wp-json\/wp\/v2\/users\/1"}],"replies":[{"embeddable":true,"href":"https:\/\/taxconta.com.br\/es\/wp-json\/wp\/v2\/comments?post=900"}],"version-history":[{"count":9,"href":"https:\/\/taxconta.com.br\/es\/wp-json\/wp\/v2\/pages\/900\/revisions"}],"predecessor-version":[{"id":923,"href":"https:\/\/taxconta.com.br\/es\/wp-json\/wp\/v2\/pages\/900\/revisions\/923"}],"wp:attachment":[{"href":"https:\/\/taxconta.com.br\/es\/wp-json\/wp\/v2\/media?parent=900"}],"curies":[{"name":"wp","href":"https:\/\/api.w.org\/{rel}","templated":true}]}}